{"id":6244,"date":"2024-04-03T20:44:23","date_gmt":"2024-04-03T19:44:23","guid":{"rendered":"https:\/\/oliver-baer.de\/tatze\/?page_id=6244"},"modified":"2024-05-24T15:53:16","modified_gmt":"2024-05-24T14:53:16","slug":"kontakt-persoenliches","status":"publish","type":"page","link":"https:\/\/oliver-baer.de\/tatze\/kontakt-persoenliches","title":{"rendered":"Kontakt"},"content":{"rendered":"<h3>Was Sie in dieser Rubrik finden<\/h3>\n<ul>\n<li>Information \u00fcber mich, den <a href=\"https:\/\/oliver-baer.de\/tatze\/autor-baer\">Autor Oliver Baer<\/a><\/li>\n<li>Ich kann f\u00fcr Sie t\u00e4tig werden als <a href=\"https:\/\/oliver-baer.de\/tatze\/texte-fuer-sie\">Ghostwriter<\/a><\/li>\n<li>N\u00fctzliche Bemerkungen \u00fcber <a href=\"https:\/\/oliver-baer.de\/tatze\/angemessene-sprache\">angemessene Sprache<\/a><\/li>\n<li>Einige <a href=\"https:\/\/oliver-baer.de\/tatze\/veroeffentlichungen-auf-papier\">Ver\u00f6ffentlichungen<\/a>\u00a0 auf Papier<\/li>\n<li><a href=\"https:\/\/oliver-baer.de\/tatze\/vortraege\">Vortr\u00e4ge<\/a> die es weiterhin gibt<\/li>\n<li>Wer ist <a href=\"https:\/\/oliver-baer.de\/tatze\/apropos-spottolski\">dieser Spottolski?<\/a>\u00a0 \u00a0(zur Zeit unterwegs im walkabout)<\/li>\n<li><a href=\"https:\/\/oliver-baer.de\/tatze\/impressum\">Kontaktdaten und Impressum<\/a><\/li>\n<li><a href=\"https:\/\/oliver-baer.de\/tatze\/abonnement-baerentatze-per-e-mail\">Abonnement:<\/a> Wie Sie die Mailnachricht beziehen, wenn es Neues in der baerentatze gibt<\/li>\n<\/ul>\n","protected":false},"excerpt":{"rendered":"<p>Was Sie in dieser Rubrik finden Information \u00fcber mich, den Autor Oliver Baer Ich kann f\u00fcr Sie t\u00e4tig werden als Ghostwriter N\u00fctzliche Bemerkungen \u00fcber angemessene Sprache Einige Ver\u00f6ffentlichungen\u00a0 auf Papier Vortr\u00e4ge die es weiterhin gibt Wer ist dieser Spottolski?\u00a0 \u00a0(zur Zeit unterwegs im walkabout) Kontaktdaten und Impressum Abonnement: Wie Sie die Mailnachricht beziehen, wenn es [&hellip;]<\/p>\n","protected":false},"author":17,"featured_media":0,"parent":0,"menu_order":0,"comment_status":"closed","ping_status":"closed","template":"","meta":{"footnotes":""},"yoast_head":"<!-- This site is optimized with the Yoast SEO plugin v22.7 - https:\/\/yoast.com\/wordpress\/plugins\/seo\/ -->\n<title>Kontakt - baerentatze<\/title>\n<meta name=\"robots\" content=\"index, follow, max-snippet:-1, max-image-preview:large, max-video-preview:-1\" \/>\n<link rel=\"canonical\" href=\"https:\/\/oliver-baer.de\/tatze\/kontakt-persoenliches\" \/>\n<meta property=\"og:locale\" content=\"de_DE\" \/>\n<meta property=\"og:type\" content=\"article\" \/>\n<meta property=\"og:title\" content=\"Kontakt - baerentatze\" \/>\n<meta property=\"og:description\" content=\"Was Sie in dieser Rubrik finden Information \u00fcber mich, den Autor Oliver Baer Ich kann f\u00fcr Sie t\u00e4tig werden als Ghostwriter N\u00fctzliche Bemerkungen \u00fcber angemessene Sprache Einige Ver\u00f6ffentlichungen\u00a0 auf Papier Vortr\u00e4ge die es weiterhin gibt Wer ist dieser Spottolski?\u00a0 \u00a0(zur Zeit unterwegs im walkabout) Kontaktdaten und Impressum Abonnement: Wie Sie die Mailnachricht beziehen, wenn es [&hellip;]\" \/>\n<meta property=\"og:url\" content=\"https:\/\/oliver-baer.de\/tatze\/kontakt-persoenliches\" \/>\n<meta property=\"og:site_name\" content=\"baerentatze\" \/>\n<meta property=\"article:modified_time\" content=\"2024-05-24T14:53:16+00:00\" \/>\n<meta name=\"twitter:card\" content=\"summary_large_image\" \/>\n<meta name=\"twitter:label1\" content=\"Gesch\u00e4tzte Lesezeit\" \/>\n\t<meta name=\"twitter:data1\" content=\"1\u00a0Minute\" \/>\n<script type=\"application\/ld+json\" class=\"yoast-schema-graph\">{\"@context\":\"https:\/\/schema.org\",\"@graph\":[{\"@type\":\"WebPage\",\"@id\":\"https:\/\/oliver-baer.de\/tatze\/kontakt-persoenliches\",\"url\":\"https:\/\/oliver-baer.de\/tatze\/kontakt-persoenliches\",\"name\":\"Kontakt - baerentatze\",\"isPartOf\":{\"@id\":\"https:\/\/oliver-baer.de\/tatze\/#website\"},\"datePublished\":\"2024-04-03T19:44:23+00:00\",\"dateModified\":\"2024-05-24T14:53:16+00:00\",\"breadcrumb\":{\"@id\":\"https:\/\/oliver-baer.de\/tatze\/kontakt-persoenliches#breadcrumb\"},\"inLanguage\":\"de\",\"potentialAction\":[{\"@type\":\"ReadAction\",\"target\":[\"https:\/\/oliver-baer.de\/tatze\/kontakt-persoenliches\"]}]},{\"@type\":\"BreadcrumbList\",\"@id\":\"https:\/\/oliver-baer.de\/tatze\/kontakt-persoenliches#breadcrumb\",\"itemListElement\":[{\"@type\":\"ListItem\",\"position\":1,\"name\":\"Startseite\",\"item\":\"https:\/\/oliver-baer.de\/tatze\"},{\"@type\":\"ListItem\",\"position\":2,\"name\":\"Kontakt\"}]},{\"@type\":\"WebSite\",\"@id\":\"https:\/\/oliver-baer.de\/tatze\/#website\",\"url\":\"https:\/\/oliver-baer.de\/tatze\/\",\"name\":\"baerentatze\",\"description\":\"wo es um Sprache geht\",\"publisher\":{\"@id\":\"https:\/\/oliver-baer.de\/tatze\/#organization\"},\"potentialAction\":[{\"@type\":\"SearchAction\",\"target\":{\"@type\":\"EntryPoint\",\"urlTemplate\":\"https:\/\/oliver-baer.de\/tatze\/?s={search_term_string}\"},\"query-input\":\"required name=search_term_string\"}],\"inLanguage\":\"de\"},{\"@type\":\"Organization\",\"@id\":\"https:\/\/oliver-baer.de\/tatze\/#organization\",\"name\":\"baerentatze\",\"url\":\"https:\/\/oliver-baer.de\/tatze\/\",\"logo\":{\"@type\":\"ImageObject\",\"inLanguage\":\"de\",\"@id\":\"https:\/\/oliver-baer.de\/tatze\/#\/schema\/logo\/image\/\",\"url\":\"https:\/\/oliver-baer.de\/tatze\/wp-content\/uploads\/2024\/05\/cropped-tatze-icon-1-1.png\",\"contentUrl\":\"https:\/\/oliver-baer.de\/tatze\/wp-content\/uploads\/2024\/05\/cropped-tatze-icon-1-1.png\",\"width\":1024,\"height\":1024,\"caption\":\"baerentatze\"},\"image\":{\"@id\":\"https:\/\/oliver-baer.de\/tatze\/#\/schema\/logo\/image\/\"}}]}<\/script>\n<!-- \/ Yoast SEO plugin. -->","yoast_head_json":{"title":"Kontakt - baerentatze","robots":{"index":"index","follow":"follow","max-snippet":"max-snippet:-1","max-image-preview":"max-image-preview:large","max-video-preview":"max-video-preview:-1"},"canonical":"https:\/\/oliver-baer.de\/tatze\/kontakt-persoenliches","og_locale":"de_DE","og_type":"article","og_title":"Kontakt - baerentatze","og_description":"Was Sie in dieser Rubrik finden Information \u00fcber mich, den Autor Oliver Baer Ich kann f\u00fcr Sie t\u00e4tig werden als Ghostwriter N\u00fctzliche Bemerkungen \u00fcber angemessene Sprache Einige Ver\u00f6ffentlichungen\u00a0 auf Papier Vortr\u00e4ge die es weiterhin gibt Wer ist dieser Spottolski?\u00a0 \u00a0(zur Zeit unterwegs im walkabout) Kontaktdaten und Impressum Abonnement: Wie Sie die Mailnachricht beziehen, wenn es [&hellip;]","og_url":"https:\/\/oliver-baer.de\/tatze\/kontakt-persoenliches","og_site_name":"baerentatze","article_modified_time":"2024-05-24T14:53:16+00:00","twitter_card":"summary_large_image","twitter_misc":{"Gesch\u00e4tzte Lesezeit":"1\u00a0Minute"},"schema":{"@context":"https:\/\/schema.org","@graph":[{"@type":"WebPage","@id":"https:\/\/oliver-baer.de\/tatze\/kontakt-persoenliches","url":"https:\/\/oliver-baer.de\/tatze\/kontakt-persoenliches","name":"Kontakt - baerentatze","isPartOf":{"@id":"https:\/\/oliver-baer.de\/tatze\/#website"},"datePublished":"2024-04-03T19:44:23+00:00","dateModified":"2024-05-24T14:53:16+00:00","breadcrumb":{"@id":"https:\/\/oliver-baer.de\/tatze\/kontakt-persoenliches#breadcrumb"},"inLanguage":"de","potentialAction":[{"@type":"ReadAction","target":["https:\/\/oliver-baer.de\/tatze\/kontakt-persoenliches"]}]},{"@type":"BreadcrumbList","@id":"https:\/\/oliver-baer.de\/tatze\/kontakt-persoenliches#breadcrumb","itemListElement":[{"@type":"ListItem","position":1,"name":"Startseite","item":"https:\/\/oliver-baer.de\/tatze"},{"@type":"ListItem","position":2,"name":"Kontakt"}]},{"@type":"WebSite","@id":"https:\/\/oliver-baer.de\/tatze\/#website","url":"https:\/\/oliver-baer.de\/tatze\/","name":"baerentatze","description":"wo es um Sprache geht","publisher":{"@id":"https:\/\/oliver-baer.de\/tatze\/#organization"},"potentialAction":[{"@type":"SearchAction","target":{"@type":"EntryPoint","urlTemplate":"https:\/\/oliver-baer.de\/tatze\/?s={search_term_string}"},"query-input":"required name=search_term_string"}],"inLanguage":"de"},{"@type":"Organization","@id":"https:\/\/oliver-baer.de\/tatze\/#organization","name":"baerentatze","url":"https:\/\/oliver-baer.de\/tatze\/","logo":{"@type":"ImageObject","inLanguage":"de","@id":"https:\/\/oliver-baer.de\/tatze\/#\/schema\/logo\/image\/","url":"https:\/\/oliver-baer.de\/tatze\/wp-content\/uploads\/2024\/05\/cropped-tatze-icon-1-1.png","contentUrl":"https:\/\/oliver-baer.de\/tatze\/wp-content\/uploads\/2024\/05\/cropped-tatze-icon-1-1.png","width":1024,"height":1024,"caption":"baerentatze"},"image":{"@id":"https:\/\/oliver-baer.de\/tatze\/#\/schema\/logo\/image\/"}}]}},"_links":{"self":[{"href":"https:\/\/oliver-baer.de\/tatze\/wp-json\/wp\/v2\/pages\/6244"}],"collection":[{"href":"https:\/\/oliver-baer.de\/tatze\/wp-json\/wp\/v2\/pages"}],"about":[{"href":"https:\/\/oliver-baer.de\/tatze\/wp-json\/wp\/v2\/types\/page"}],"author":[{"embeddable":true,"href":"https:\/\/oliver-baer.de\/tatze\/wp-json\/wp\/v2\/users\/17"}],"replies":[{"embeddable":true,"href":"https:\/\/oliver-baer.de\/tatze\/wp-json\/wp\/v2\/comments?post=6244"}],"version-history":[{"count":10,"href":"https:\/\/oliver-baer.de\/tatze\/wp-json\/wp\/v2\/pages\/6244\/revisions"}],"predecessor-version":[{"id":6703,"href":"https:\/\/oliver-baer.de\/tatze\/wp-json\/wp\/v2\/pages\/6244\/revisions\/6703"}],"wp:attachment":[{"href":"https:\/\/oliver-baer.de\/tatze\/wp-json\/wp\/v2\/media?parent=6244"}],"curies":[{"name":"wp","href":"https:\/\/api.w.org\/{rel}","templated":true}]}}