{"id":5973,"date":"2024-03-20T16:31:48","date_gmt":"2024-03-20T15:31:48","guid":{"rendered":"https:\/\/oliver-baer.de\/tatze\/?page_id=5973"},"modified":"2025-09-30T12:26:45","modified_gmt":"2025-09-30T11:26:45","slug":"autor-baer","status":"publish","type":"page","link":"https:\/\/oliver-baer.de\/tatze\/autor-baer","title":{"rendered":"Autor Baer"},"content":{"rendered":"<h1><strong>Warum ich in Deutschland lebe<\/strong><\/h1>\n<p><strong>Eine Anmerkung<\/strong><\/p>\n<p>Ich bin kein Deutscher. Ich bin ein Europ\u00e4er deutscher Sprache. Ich genie\u00dfe die deutsche Sprache, ich genie\u00dfe Sprachen.<\/p>\n<p>Meine\u00a0kulturelle Heimat\u00a0reicht im Norden bis Finnland (nicht nur wegen Jean Sibelius), im Westen bis zum Atlantik (nicht nur wegen der keltischen T\u00e4nze), im S\u00fcden bis zum Kap der Guten Hoffnung (nicht nur wegen der dort lebenden kroatischen, sizilianischen, griechischen und portugiesischen Verwandten und Freunde), und im Osten bis Polen.<\/p>\n<p>Hier bin ich auch als \u00d6sterreicher ein Deutscher, insofern ich mich in der Mitte Europas erfahre, eng verwandt mit den n\u00e4chsten Nachbarn, den Tschechen, D\u00e4nen, Franzosen, Niederl\u00e4ndern. Ich k\u00f6nnte mich ebenso wohlf\u00fchlen in ihren L\u00e4ndern, tue das auch von Zeit zu Zeit. Sollte mich doch etwas aus Deutschland wieder fortlocken, dann w\u00e4re es die \u00dcberlegenheit unserer Nachbarn in einer Eigenschaft, die wir gerne uns zuschreiben, aber mitunter nicht beweisen k\u00f6nnen: gelassene Gem\u00fctlichkeit bei gutem Essen.<\/p>\n<p><strong>Amerikaner?<\/strong><\/p>\n<p>Meine Gro\u00dfmutter v\u00e4terlicherseits, Christine Baer-Frisell, Sch\u00fclerin von Jacques Dalcroze und Wiedergr\u00fcnderin seiner Schule in Hellerau (Dresden) nach dem Ersten Weltkrieg, war geborene Amerikanerin &#8211; franz\u00f6sischer Herkunft. Nach der hergebrachten Auffassung von Staatsangeh\u00f6rigkeit w\u00e4re ich demnach ein Viertelamerikaner. Na gut, dann nehme ich mir ein Viertelrecht, auch meinen \u201eLandsleuten\u201c jenseits des Ozeans auf die Finger zu klopfen.<\/p>\n<p>&nbsp;<\/p>\n<p>&nbsp;<\/p>\n","protected":false},"excerpt":{"rendered":"<p>Warum ich in Deutschland lebe Eine Anmerkung Ich bin kein Deutscher. Ich bin ein Europ\u00e4er deutscher Sprache. Ich genie\u00dfe die deutsche Sprache, ich genie\u00dfe Sprachen. Meine\u00a0kulturelle Heimat\u00a0reicht im Norden bis Finnland (nicht nur wegen Jean Sibelius), im Westen bis zum Atlantik (nicht nur wegen der keltischen T\u00e4nze), im S\u00fcden bis zum Kap der Guten Hoffnung [&hellip;]<\/p>\n","protected":false},"author":18,"featured_media":0,"parent":0,"menu_order":0,"comment_status":"closed","ping_status":"closed","template":"","meta":{"footnotes":""},"yoast_head":"<!-- This site is optimized with the Yoast SEO plugin v22.7 - https:\/\/yoast.com\/wordpress\/plugins\/seo\/ -->\n<title>Autor Baer - baerentatze<\/title>\n<meta name=\"robots\" content=\"index, follow, max-snippet:-1, max-image-preview:large, max-video-preview:-1\" \/>\n<link rel=\"canonical\" href=\"https:\/\/oliver-baer.de\/tatze\/autor-baer\" \/>\n<meta property=\"og:locale\" content=\"de_DE\" \/>\n<meta property=\"og:type\" content=\"article\" \/>\n<meta property=\"og:title\" content=\"Autor Baer - baerentatze\" \/>\n<meta property=\"og:description\" content=\"Warum ich in Deutschland lebe Eine Anmerkung Ich bin kein Deutscher. Ich bin ein Europ\u00e4er deutscher Sprache. Ich genie\u00dfe die deutsche Sprache, ich genie\u00dfe Sprachen. Meine\u00a0kulturelle Heimat\u00a0reicht im Norden bis Finnland (nicht nur wegen Jean Sibelius), im Westen bis zum Atlantik (nicht nur wegen der keltischen T\u00e4nze), im S\u00fcden bis zum Kap der Guten Hoffnung [&hellip;]\" \/>\n<meta property=\"og:url\" content=\"https:\/\/oliver-baer.de\/tatze\/autor-baer\" \/>\n<meta property=\"og:site_name\" content=\"baerentatze\" \/>\n<meta property=\"article:modified_time\" content=\"2025-09-30T11:26:45+00:00\" \/>\n<meta name=\"twitter:card\" content=\"summary_large_image\" \/>\n<meta name=\"twitter:label1\" content=\"Gesch\u00e4tzte Lesezeit\" \/>\n\t<meta name=\"twitter:data1\" content=\"2\u00a0Minuten\" \/>\n<script type=\"application\/ld+json\" class=\"yoast-schema-graph\">{\"@context\":\"https:\/\/schema.org\",\"@graph\":[{\"@type\":\"WebPage\",\"@id\":\"https:\/\/oliver-baer.de\/tatze\/autor-baer\",\"url\":\"https:\/\/oliver-baer.de\/tatze\/autor-baer\",\"name\":\"Autor Baer - baerentatze\",\"isPartOf\":{\"@id\":\"https:\/\/oliver-baer.de\/tatze\/#website\"},\"datePublished\":\"2024-03-20T15:31:48+00:00\",\"dateModified\":\"2025-09-30T11:26:45+00:00\",\"breadcrumb\":{\"@id\":\"https:\/\/oliver-baer.de\/tatze\/autor-baer#breadcrumb\"},\"inLanguage\":\"de\",\"potentialAction\":[{\"@type\":\"ReadAction\",\"target\":[\"https:\/\/oliver-baer.de\/tatze\/autor-baer\"]}]},{\"@type\":\"BreadcrumbList\",\"@id\":\"https:\/\/oliver-baer.de\/tatze\/autor-baer#breadcrumb\",\"itemListElement\":[{\"@type\":\"ListItem\",\"position\":1,\"name\":\"Startseite\",\"item\":\"https:\/\/oliver-baer.de\/tatze\"},{\"@type\":\"ListItem\",\"position\":2,\"name\":\"Autor Baer\"}]},{\"@type\":\"WebSite\",\"@id\":\"https:\/\/oliver-baer.de\/tatze\/#website\",\"url\":\"https:\/\/oliver-baer.de\/tatze\/\",\"name\":\"baerentatze\",\"description\":\"wo es um Sprache geht\",\"publisher\":{\"@id\":\"https:\/\/oliver-baer.de\/tatze\/#organization\"},\"potentialAction\":[{\"@type\":\"SearchAction\",\"target\":{\"@type\":\"EntryPoint\",\"urlTemplate\":\"https:\/\/oliver-baer.de\/tatze\/?s={search_term_string}\"},\"query-input\":\"required name=search_term_string\"}],\"inLanguage\":\"de\"},{\"@type\":\"Organization\",\"@id\":\"https:\/\/oliver-baer.de\/tatze\/#organization\",\"name\":\"baerentatze\",\"url\":\"https:\/\/oliver-baer.de\/tatze\/\",\"logo\":{\"@type\":\"ImageObject\",\"inLanguage\":\"de\",\"@id\":\"https:\/\/oliver-baer.de\/tatze\/#\/schema\/logo\/image\/\",\"url\":\"https:\/\/oliver-baer.de\/tatze\/wp-content\/uploads\/2024\/05\/cropped-tatze-icon-1-1.png\",\"contentUrl\":\"https:\/\/oliver-baer.de\/tatze\/wp-content\/uploads\/2024\/05\/cropped-tatze-icon-1-1.png\",\"width\":1024,\"height\":1024,\"caption\":\"baerentatze\"},\"image\":{\"@id\":\"https:\/\/oliver-baer.de\/tatze\/#\/schema\/logo\/image\/\"}}]}<\/script>\n<!-- \/ Yoast SEO plugin. -->","yoast_head_json":{"title":"Autor Baer - baerentatze","robots":{"index":"index","follow":"follow","max-snippet":"max-snippet:-1","max-image-preview":"max-image-preview:large","max-video-preview":"max-video-preview:-1"},"canonical":"https:\/\/oliver-baer.de\/tatze\/autor-baer","og_locale":"de_DE","og_type":"article","og_title":"Autor Baer - baerentatze","og_description":"Warum ich in Deutschland lebe Eine Anmerkung Ich bin kein Deutscher. Ich bin ein Europ\u00e4er deutscher Sprache. Ich genie\u00dfe die deutsche Sprache, ich genie\u00dfe Sprachen. Meine\u00a0kulturelle Heimat\u00a0reicht im Norden bis Finnland (nicht nur wegen Jean Sibelius), im Westen bis zum Atlantik (nicht nur wegen der keltischen T\u00e4nze), im S\u00fcden bis zum Kap der Guten Hoffnung [&hellip;]","og_url":"https:\/\/oliver-baer.de\/tatze\/autor-baer","og_site_name":"baerentatze","article_modified_time":"2025-09-30T11:26:45+00:00","twitter_card":"summary_large_image","twitter_misc":{"Gesch\u00e4tzte Lesezeit":"2\u00a0Minuten"},"schema":{"@context":"https:\/\/schema.org","@graph":[{"@type":"WebPage","@id":"https:\/\/oliver-baer.de\/tatze\/autor-baer","url":"https:\/\/oliver-baer.de\/tatze\/autor-baer","name":"Autor Baer - baerentatze","isPartOf":{"@id":"https:\/\/oliver-baer.de\/tatze\/#website"},"datePublished":"2024-03-20T15:31:48+00:00","dateModified":"2025-09-30T11:26:45+00:00","breadcrumb":{"@id":"https:\/\/oliver-baer.de\/tatze\/autor-baer#breadcrumb"},"inLanguage":"de","potentialAction":[{"@type":"ReadAction","target":["https:\/\/oliver-baer.de\/tatze\/autor-baer"]}]},{"@type":"BreadcrumbList","@id":"https:\/\/oliver-baer.de\/tatze\/autor-baer#breadcrumb","itemListElement":[{"@type":"ListItem","position":1,"name":"Startseite","item":"https:\/\/oliver-baer.de\/tatze"},{"@type":"ListItem","position":2,"name":"Autor Baer"}]},{"@type":"WebSite","@id":"https:\/\/oliver-baer.de\/tatze\/#website","url":"https:\/\/oliver-baer.de\/tatze\/","name":"baerentatze","description":"wo es um Sprache geht","publisher":{"@id":"https:\/\/oliver-baer.de\/tatze\/#organization"},"potentialAction":[{"@type":"SearchAction","target":{"@type":"EntryPoint","urlTemplate":"https:\/\/oliver-baer.de\/tatze\/?s={search_term_string}"},"query-input":"required name=search_term_string"}],"inLanguage":"de"},{"@type":"Organization","@id":"https:\/\/oliver-baer.de\/tatze\/#organization","name":"baerentatze","url":"https:\/\/oliver-baer.de\/tatze\/","logo":{"@type":"ImageObject","inLanguage":"de","@id":"https:\/\/oliver-baer.de\/tatze\/#\/schema\/logo\/image\/","url":"https:\/\/oliver-baer.de\/tatze\/wp-content\/uploads\/2024\/05\/cropped-tatze-icon-1-1.png","contentUrl":"https:\/\/oliver-baer.de\/tatze\/wp-content\/uploads\/2024\/05\/cropped-tatze-icon-1-1.png","width":1024,"height":1024,"caption":"baerentatze"},"image":{"@id":"https:\/\/oliver-baer.de\/tatze\/#\/schema\/logo\/image\/"}}]}},"_links":{"self":[{"href":"https:\/\/oliver-baer.de\/tatze\/wp-json\/wp\/v2\/pages\/5973"}],"collection":[{"href":"https:\/\/oliver-baer.de\/tatze\/wp-json\/wp\/v2\/pages"}],"about":[{"href":"https:\/\/oliver-baer.de\/tatze\/wp-json\/wp\/v2\/types\/page"}],"author":[{"embeddable":true,"href":"https:\/\/oliver-baer.de\/tatze\/wp-json\/wp\/v2\/users\/18"}],"replies":[{"embeddable":true,"href":"https:\/\/oliver-baer.de\/tatze\/wp-json\/wp\/v2\/comments?post=5973"}],"version-history":[{"count":13,"href":"https:\/\/oliver-baer.de\/tatze\/wp-json\/wp\/v2\/pages\/5973\/revisions"}],"predecessor-version":[{"id":6836,"href":"https:\/\/oliver-baer.de\/tatze\/wp-json\/wp\/v2\/pages\/5973\/revisions\/6836"}],"wp:attachment":[{"href":"https:\/\/oliver-baer.de\/tatze\/wp-json\/wp\/v2\/media?parent=5973"}],"curies":[{"name":"wp","href":"https:\/\/api.w.org\/{rel}","templated":true}]}}