{"id":5003,"date":"2017-12-15T17:58:23","date_gmt":"2017-12-15T16:58:23","guid":{"rendered":"https:\/\/oliver-baer.de\/tatze\/?page_id=5003"},"modified":"2024-05-24T16:06:30","modified_gmt":"2024-05-24T15:06:30","slug":"apropos-spottolski","status":"publish","type":"page","link":"https:\/\/oliver-baer.de\/tatze\/apropos-spottolski","title":{"rendered":"der Spottolski"},"content":{"rendered":"<h2>Der Spottolski<\/h2>\n<p>Spottolski ist der \u2013 seinerzeit zwischen Ohorn und Bretnig \u2013 weltber\u00fchmt gewordene Experte f\u00fcr nichts besonderes sowie manch anderes, also Marketing. Er geh\u00f6rt zur Unart der <em>Felis silvestris catus<\/em>, ist demnach kein Flughund, sondern einer, wo sich auskennt, in geselligen Zusammenh\u00e4ngen sowie \u00fcberhaupt, weshalb er zur Redaktion der <em>baerentatze<\/em> beitr\u00e4gt. Wenn er da ist.<\/p>\n<p>Und kann er Deutsch. Na ja.<\/p>\n<p>Zur Zeit befindet er sich im Walkabout.<\/p>\n<p>Keine Ahnung, wann er wieder da ist.<\/p>\n","protected":false},"excerpt":{"rendered":"<p>Der Spottolski Spottolski ist der \u2013 seinerzeit zwischen Ohorn und Bretnig \u2013 weltber\u00fchmt gewordene Experte f\u00fcr nichts besonderes sowie manch anderes, also Marketing. Er geh\u00f6rt zur Unart der Felis silvestris catus, ist demnach kein Flughund, sondern einer, wo sich auskennt, in geselligen Zusammenh\u00e4ngen sowie \u00fcberhaupt, weshalb er zur Redaktion der baerentatze beitr\u00e4gt. Wenn er da [&hellip;]<\/p>\n","protected":false},"author":18,"featured_media":0,"parent":0,"menu_order":7,"comment_status":"closed","ping_status":"closed","template":"","meta":{"footnotes":""},"yoast_head":"<!-- This site is optimized with the Yoast SEO plugin v22.7 - https:\/\/yoast.com\/wordpress\/plugins\/seo\/ -->\n<title>der Spottolski - baerentatze<\/title>\n<meta name=\"robots\" content=\"index, follow, max-snippet:-1, max-image-preview:large, max-video-preview:-1\" \/>\n<link rel=\"canonical\" href=\"https:\/\/oliver-baer.de\/tatze\/apropos-spottolski\" \/>\n<meta property=\"og:locale\" content=\"de_DE\" \/>\n<meta property=\"og:type\" content=\"article\" \/>\n<meta property=\"og:title\" content=\"der Spottolski - baerentatze\" \/>\n<meta property=\"og:description\" content=\"Der Spottolski Spottolski ist der \u2013 seinerzeit zwischen Ohorn und Bretnig \u2013 weltber\u00fchmt gewordene Experte f\u00fcr nichts besonderes sowie manch anderes, also Marketing. Er geh\u00f6rt zur Unart der Felis silvestris catus, ist demnach kein Flughund, sondern einer, wo sich auskennt, in geselligen Zusammenh\u00e4ngen sowie \u00fcberhaupt, weshalb er zur Redaktion der baerentatze beitr\u00e4gt. Wenn er da [&hellip;]\" \/>\n<meta property=\"og:url\" content=\"https:\/\/oliver-baer.de\/tatze\/apropos-spottolski\" \/>\n<meta property=\"og:site_name\" content=\"baerentatze\" \/>\n<meta property=\"article:modified_time\" content=\"2024-05-24T15:06:30+00:00\" \/>\n<meta name=\"twitter:card\" content=\"summary_large_image\" \/>\n<meta name=\"twitter:label1\" content=\"Gesch\u00e4tzte Lesezeit\" \/>\n\t<meta name=\"twitter:data1\" content=\"1\u00a0Minute\" \/>\n<script type=\"application\/ld+json\" class=\"yoast-schema-graph\">{\"@context\":\"https:\/\/schema.org\",\"@graph\":[{\"@type\":\"WebPage\",\"@id\":\"https:\/\/oliver-baer.de\/tatze\/apropos-spottolski\",\"url\":\"https:\/\/oliver-baer.de\/tatze\/apropos-spottolski\",\"name\":\"der Spottolski - baerentatze\",\"isPartOf\":{\"@id\":\"https:\/\/oliver-baer.de\/tatze\/#website\"},\"datePublished\":\"2017-12-15T16:58:23+00:00\",\"dateModified\":\"2024-05-24T15:06:30+00:00\",\"breadcrumb\":{\"@id\":\"https:\/\/oliver-baer.de\/tatze\/apropos-spottolski#breadcrumb\"},\"inLanguage\":\"de\",\"potentialAction\":[{\"@type\":\"ReadAction\",\"target\":[\"https:\/\/oliver-baer.de\/tatze\/apropos-spottolski\"]}]},{\"@type\":\"BreadcrumbList\",\"@id\":\"https:\/\/oliver-baer.de\/tatze\/apropos-spottolski#breadcrumb\",\"itemListElement\":[{\"@type\":\"ListItem\",\"position\":1,\"name\":\"Startseite\",\"item\":\"https:\/\/oliver-baer.de\/tatze\"},{\"@type\":\"ListItem\",\"position\":2,\"name\":\"der Spottolski\"}]},{\"@type\":\"WebSite\",\"@id\":\"https:\/\/oliver-baer.de\/tatze\/#website\",\"url\":\"https:\/\/oliver-baer.de\/tatze\/\",\"name\":\"baerentatze\",\"description\":\"wo es um Sprache geht\",\"publisher\":{\"@id\":\"https:\/\/oliver-baer.de\/tatze\/#organization\"},\"potentialAction\":[{\"@type\":\"SearchAction\",\"target\":{\"@type\":\"EntryPoint\",\"urlTemplate\":\"https:\/\/oliver-baer.de\/tatze\/?s={search_term_string}\"},\"query-input\":\"required name=search_term_string\"}],\"inLanguage\":\"de\"},{\"@type\":\"Organization\",\"@id\":\"https:\/\/oliver-baer.de\/tatze\/#organization\",\"name\":\"baerentatze\",\"url\":\"https:\/\/oliver-baer.de\/tatze\/\",\"logo\":{\"@type\":\"ImageObject\",\"inLanguage\":\"de\",\"@id\":\"https:\/\/oliver-baer.de\/tatze\/#\/schema\/logo\/image\/\",\"url\":\"https:\/\/oliver-baer.de\/tatze\/wp-content\/uploads\/2024\/05\/cropped-tatze-icon-1-1.png\",\"contentUrl\":\"https:\/\/oliver-baer.de\/tatze\/wp-content\/uploads\/2024\/05\/cropped-tatze-icon-1-1.png\",\"width\":1024,\"height\":1024,\"caption\":\"baerentatze\"},\"image\":{\"@id\":\"https:\/\/oliver-baer.de\/tatze\/#\/schema\/logo\/image\/\"}}]}<\/script>\n<!-- \/ Yoast SEO plugin. -->","yoast_head_json":{"title":"der Spottolski - baerentatze","robots":{"index":"index","follow":"follow","max-snippet":"max-snippet:-1","max-image-preview":"max-image-preview:large","max-video-preview":"max-video-preview:-1"},"canonical":"https:\/\/oliver-baer.de\/tatze\/apropos-spottolski","og_locale":"de_DE","og_type":"article","og_title":"der Spottolski - baerentatze","og_description":"Der Spottolski Spottolski ist der \u2013 seinerzeit zwischen Ohorn und Bretnig \u2013 weltber\u00fchmt gewordene Experte f\u00fcr nichts besonderes sowie manch anderes, also Marketing. Er geh\u00f6rt zur Unart der Felis silvestris catus, ist demnach kein Flughund, sondern einer, wo sich auskennt, in geselligen Zusammenh\u00e4ngen sowie \u00fcberhaupt, weshalb er zur Redaktion der baerentatze beitr\u00e4gt. Wenn er da [&hellip;]","og_url":"https:\/\/oliver-baer.de\/tatze\/apropos-spottolski","og_site_name":"baerentatze","article_modified_time":"2024-05-24T15:06:30+00:00","twitter_card":"summary_large_image","twitter_misc":{"Gesch\u00e4tzte Lesezeit":"1\u00a0Minute"},"schema":{"@context":"https:\/\/schema.org","@graph":[{"@type":"WebPage","@id":"https:\/\/oliver-baer.de\/tatze\/apropos-spottolski","url":"https:\/\/oliver-baer.de\/tatze\/apropos-spottolski","name":"der Spottolski - baerentatze","isPartOf":{"@id":"https:\/\/oliver-baer.de\/tatze\/#website"},"datePublished":"2017-12-15T16:58:23+00:00","dateModified":"2024-05-24T15:06:30+00:00","breadcrumb":{"@id":"https:\/\/oliver-baer.de\/tatze\/apropos-spottolski#breadcrumb"},"inLanguage":"de","potentialAction":[{"@type":"ReadAction","target":["https:\/\/oliver-baer.de\/tatze\/apropos-spottolski"]}]},{"@type":"BreadcrumbList","@id":"https:\/\/oliver-baer.de\/tatze\/apropos-spottolski#breadcrumb","itemListElement":[{"@type":"ListItem","position":1,"name":"Startseite","item":"https:\/\/oliver-baer.de\/tatze"},{"@type":"ListItem","position":2,"name":"der Spottolski"}]},{"@type":"WebSite","@id":"https:\/\/oliver-baer.de\/tatze\/#website","url":"https:\/\/oliver-baer.de\/tatze\/","name":"baerentatze","description":"wo es um Sprache geht","publisher":{"@id":"https:\/\/oliver-baer.de\/tatze\/#organization"},"potentialAction":[{"@type":"SearchAction","target":{"@type":"EntryPoint","urlTemplate":"https:\/\/oliver-baer.de\/tatze\/?s={search_term_string}"},"query-input":"required name=search_term_string"}],"inLanguage":"de"},{"@type":"Organization","@id":"https:\/\/oliver-baer.de\/tatze\/#organization","name":"baerentatze","url":"https:\/\/oliver-baer.de\/tatze\/","logo":{"@type":"ImageObject","inLanguage":"de","@id":"https:\/\/oliver-baer.de\/tatze\/#\/schema\/logo\/image\/","url":"https:\/\/oliver-baer.de\/tatze\/wp-content\/uploads\/2024\/05\/cropped-tatze-icon-1-1.png","contentUrl":"https:\/\/oliver-baer.de\/tatze\/wp-content\/uploads\/2024\/05\/cropped-tatze-icon-1-1.png","width":1024,"height":1024,"caption":"baerentatze"},"image":{"@id":"https:\/\/oliver-baer.de\/tatze\/#\/schema\/logo\/image\/"}}]}},"_links":{"self":[{"href":"https:\/\/oliver-baer.de\/tatze\/wp-json\/wp\/v2\/pages\/5003"}],"collection":[{"href":"https:\/\/oliver-baer.de\/tatze\/wp-json\/wp\/v2\/pages"}],"about":[{"href":"https:\/\/oliver-baer.de\/tatze\/wp-json\/wp\/v2\/types\/page"}],"author":[{"embeddable":true,"href":"https:\/\/oliver-baer.de\/tatze\/wp-json\/wp\/v2\/users\/18"}],"replies":[{"embeddable":true,"href":"https:\/\/oliver-baer.de\/tatze\/wp-json\/wp\/v2\/comments?post=5003"}],"version-history":[{"count":12,"href":"https:\/\/oliver-baer.de\/tatze\/wp-json\/wp\/v2\/pages\/5003\/revisions"}],"predecessor-version":[{"id":6767,"href":"https:\/\/oliver-baer.de\/tatze\/wp-json\/wp\/v2\/pages\/5003\/revisions\/6767"}],"wp:attachment":[{"href":"https:\/\/oliver-baer.de\/tatze\/wp-json\/wp\/v2\/media?parent=5003"}],"curies":[{"name":"wp","href":"https:\/\/api.w.org\/{rel}","templated":true}]}}