{"id":4685,"date":"2017-10-27T09:08:41","date_gmt":"2017-10-27T08:08:41","guid":{"rendered":"https:\/\/oliver-baer.de\/tatze\/?page_id=4685"},"modified":"2024-05-24T16:12:15","modified_gmt":"2024-05-24T15:12:15","slug":"abonnement-baerentatze-per-e-mail","status":"publish","type":"page","link":"https:\/\/oliver-baer.de\/tatze\/abonnement-baerentatze-per-e-mail","title":{"rendered":"Abonnement"},"content":{"rendered":"<h3>Wenn es was Neues in der baerentatze gibt, benachrichtige ich Sie per Mail<\/h3>\n<p>Das Abonnement besteht aus einer kurzen, etwa viertelj\u00e4hrlich erscheinenden Mitteilung per e-Mail, welche neuen Beitr\u00e4ge seit dem letzten Mal hier freigeschaltet wurden.<\/p>\n<p>Die Mitteilung enth\u00e4lt m\u00f6glicherweise auch mal etwas (noch K\u00fcrzeres) in eigener Sache, zum Beispiel den Verweis auf ein neues Buch aus meiner Tastatur.\u00a0Wie abonnieren Sie, unverbindlich und jederzeit fristlos k\u00fcndbar, das Abonnement auf die <strong><em>baerentatze per e-Mail im Abo<\/em><\/strong>?<\/p>\n<p>Schreiben Sie mir eine Mail schreiben mit ganz kurzem Klartext, entweder \u201eAbo gew\u00fcnscht\u201c, oder gegebenenfalls \u201eAbo stoppen\u201c.<\/p>\n<p>Richten Sie Ihre Mail an <em>courriel@oliver-baer.de<\/em>.<\/p>\n<p>Falls Sie das Abo k\u00fcndigen, m\u00fcssen <strong>bitte nur darauf achten<\/strong>, dass Sie die K\u00fcndigung unter der Adresse melden, die sie urspr\u00fcnglich zum Empfang der baerentatze genannt haben \u2013 anderenfalls wei\u00df ich nicht (und der Rechner schon gar nicht , der ist n\u00e4mlich dumm), genau wen ich aus der Verteilerliste streichen soll.<\/p>\n<p>Im Zweifel werde ich Sie um Best\u00e4tigung Ihrer Absicht bitten.<\/p>\n<p>Ihre Daten werden ausschlie\u00dflich im Hinblick auf den Versand der baerentatze verwendet und an niemand weitergegeben. Siehe auch: <a href=\"https:\/\/oliver-baer.de\/tatze\/impressum\">Mehr \u00fcber den Datenschutz<\/a><\/p>\n<p>Das Abo kostet nichts. Die K\u00fcndigung auch nicht.<\/p>\n","protected":false},"excerpt":{"rendered":"<p>Wenn es was Neues in der baerentatze gibt, benachrichtige ich Sie per Mail Das Abonnement besteht aus einer kurzen, etwa viertelj\u00e4hrlich erscheinenden Mitteilung per e-Mail, welche neuen Beitr\u00e4ge seit dem letzten Mal hier freigeschaltet wurden. Die Mitteilung enth\u00e4lt m\u00f6glicherweise auch mal etwas (noch K\u00fcrzeres) in eigener Sache, zum Beispiel den Verweis auf ein neues Buch [&hellip;]<\/p>\n","protected":false},"author":18,"featured_media":0,"parent":0,"menu_order":8,"comment_status":"closed","ping_status":"closed","template":"","meta":{"footnotes":""},"yoast_head":"<!-- This site is optimized with the Yoast SEO plugin v22.7 - https:\/\/yoast.com\/wordpress\/plugins\/seo\/ -->\n<title>Abonnement - baerentatze<\/title>\n<meta name=\"robots\" content=\"index, follow, max-snippet:-1, max-image-preview:large, max-video-preview:-1\" \/>\n<link rel=\"canonical\" href=\"https:\/\/oliver-baer.de\/tatze\/abonnement-baerentatze-per-e-mail\" \/>\n<meta property=\"og:locale\" content=\"de_DE\" \/>\n<meta property=\"og:type\" content=\"article\" \/>\n<meta property=\"og:title\" content=\"Abonnement - baerentatze\" \/>\n<meta property=\"og:description\" content=\"Wenn es was Neues in der baerentatze gibt, benachrichtige ich Sie per Mail Das Abonnement besteht aus einer kurzen, etwa viertelj\u00e4hrlich erscheinenden Mitteilung per e-Mail, welche neuen Beitr\u00e4ge seit dem letzten Mal hier freigeschaltet wurden. Die Mitteilung enth\u00e4lt m\u00f6glicherweise auch mal etwas (noch K\u00fcrzeres) in eigener Sache, zum Beispiel den Verweis auf ein neues Buch [&hellip;]\" \/>\n<meta property=\"og:url\" content=\"https:\/\/oliver-baer.de\/tatze\/abonnement-baerentatze-per-e-mail\" \/>\n<meta property=\"og:site_name\" content=\"baerentatze\" \/>\n<meta property=\"article:modified_time\" content=\"2024-05-24T15:12:15+00:00\" \/>\n<meta name=\"twitter:card\" content=\"summary_large_image\" \/>\n<meta name=\"twitter:label1\" content=\"Gesch\u00e4tzte Lesezeit\" \/>\n\t<meta name=\"twitter:data1\" content=\"2\u00a0Minuten\" \/>\n<script type=\"application\/ld+json\" class=\"yoast-schema-graph\">{\"@context\":\"https:\/\/schema.org\",\"@graph\":[{\"@type\":\"WebPage\",\"@id\":\"https:\/\/oliver-baer.de\/tatze\/abonnement-baerentatze-per-e-mail\",\"url\":\"https:\/\/oliver-baer.de\/tatze\/abonnement-baerentatze-per-e-mail\",\"name\":\"Abonnement - baerentatze\",\"isPartOf\":{\"@id\":\"https:\/\/oliver-baer.de\/tatze\/#website\"},\"datePublished\":\"2017-10-27T08:08:41+00:00\",\"dateModified\":\"2024-05-24T15:12:15+00:00\",\"breadcrumb\":{\"@id\":\"https:\/\/oliver-baer.de\/tatze\/abonnement-baerentatze-per-e-mail#breadcrumb\"},\"inLanguage\":\"de\",\"potentialAction\":[{\"@type\":\"ReadAction\",\"target\":[\"https:\/\/oliver-baer.de\/tatze\/abonnement-baerentatze-per-e-mail\"]}]},{\"@type\":\"BreadcrumbList\",\"@id\":\"https:\/\/oliver-baer.de\/tatze\/abonnement-baerentatze-per-e-mail#breadcrumb\",\"itemListElement\":[{\"@type\":\"ListItem\",\"position\":1,\"name\":\"Startseite\",\"item\":\"https:\/\/oliver-baer.de\/tatze\"},{\"@type\":\"ListItem\",\"position\":2,\"name\":\"Abonnement\"}]},{\"@type\":\"WebSite\",\"@id\":\"https:\/\/oliver-baer.de\/tatze\/#website\",\"url\":\"https:\/\/oliver-baer.de\/tatze\/\",\"name\":\"baerentatze\",\"description\":\"wo es um Sprache geht\",\"publisher\":{\"@id\":\"https:\/\/oliver-baer.de\/tatze\/#organization\"},\"potentialAction\":[{\"@type\":\"SearchAction\",\"target\":{\"@type\":\"EntryPoint\",\"urlTemplate\":\"https:\/\/oliver-baer.de\/tatze\/?s={search_term_string}\"},\"query-input\":\"required name=search_term_string\"}],\"inLanguage\":\"de\"},{\"@type\":\"Organization\",\"@id\":\"https:\/\/oliver-baer.de\/tatze\/#organization\",\"name\":\"baerentatze\",\"url\":\"https:\/\/oliver-baer.de\/tatze\/\",\"logo\":{\"@type\":\"ImageObject\",\"inLanguage\":\"de\",\"@id\":\"https:\/\/oliver-baer.de\/tatze\/#\/schema\/logo\/image\/\",\"url\":\"https:\/\/oliver-baer.de\/tatze\/wp-content\/uploads\/2024\/05\/cropped-tatze-icon-1-1.png\",\"contentUrl\":\"https:\/\/oliver-baer.de\/tatze\/wp-content\/uploads\/2024\/05\/cropped-tatze-icon-1-1.png\",\"width\":1024,\"height\":1024,\"caption\":\"baerentatze\"},\"image\":{\"@id\":\"https:\/\/oliver-baer.de\/tatze\/#\/schema\/logo\/image\/\"}}]}<\/script>\n<!-- \/ Yoast SEO plugin. -->","yoast_head_json":{"title":"Abonnement - baerentatze","robots":{"index":"index","follow":"follow","max-snippet":"max-snippet:-1","max-image-preview":"max-image-preview:large","max-video-preview":"max-video-preview:-1"},"canonical":"https:\/\/oliver-baer.de\/tatze\/abonnement-baerentatze-per-e-mail","og_locale":"de_DE","og_type":"article","og_title":"Abonnement - baerentatze","og_description":"Wenn es was Neues in der baerentatze gibt, benachrichtige ich Sie per Mail Das Abonnement besteht aus einer kurzen, etwa viertelj\u00e4hrlich erscheinenden Mitteilung per e-Mail, welche neuen Beitr\u00e4ge seit dem letzten Mal hier freigeschaltet wurden. Die Mitteilung enth\u00e4lt m\u00f6glicherweise auch mal etwas (noch K\u00fcrzeres) in eigener Sache, zum Beispiel den Verweis auf ein neues Buch [&hellip;]","og_url":"https:\/\/oliver-baer.de\/tatze\/abonnement-baerentatze-per-e-mail","og_site_name":"baerentatze","article_modified_time":"2024-05-24T15:12:15+00:00","twitter_card":"summary_large_image","twitter_misc":{"Gesch\u00e4tzte Lesezeit":"2\u00a0Minuten"},"schema":{"@context":"https:\/\/schema.org","@graph":[{"@type":"WebPage","@id":"https:\/\/oliver-baer.de\/tatze\/abonnement-baerentatze-per-e-mail","url":"https:\/\/oliver-baer.de\/tatze\/abonnement-baerentatze-per-e-mail","name":"Abonnement - baerentatze","isPartOf":{"@id":"https:\/\/oliver-baer.de\/tatze\/#website"},"datePublished":"2017-10-27T08:08:41+00:00","dateModified":"2024-05-24T15:12:15+00:00","breadcrumb":{"@id":"https:\/\/oliver-baer.de\/tatze\/abonnement-baerentatze-per-e-mail#breadcrumb"},"inLanguage":"de","potentialAction":[{"@type":"ReadAction","target":["https:\/\/oliver-baer.de\/tatze\/abonnement-baerentatze-per-e-mail"]}]},{"@type":"BreadcrumbList","@id":"https:\/\/oliver-baer.de\/tatze\/abonnement-baerentatze-per-e-mail#breadcrumb","itemListElement":[{"@type":"ListItem","position":1,"name":"Startseite","item":"https:\/\/oliver-baer.de\/tatze"},{"@type":"ListItem","position":2,"name":"Abonnement"}]},{"@type":"WebSite","@id":"https:\/\/oliver-baer.de\/tatze\/#website","url":"https:\/\/oliver-baer.de\/tatze\/","name":"baerentatze","description":"wo es um Sprache geht","publisher":{"@id":"https:\/\/oliver-baer.de\/tatze\/#organization"},"potentialAction":[{"@type":"SearchAction","target":{"@type":"EntryPoint","urlTemplate":"https:\/\/oliver-baer.de\/tatze\/?s={search_term_string}"},"query-input":"required name=search_term_string"}],"inLanguage":"de"},{"@type":"Organization","@id":"https:\/\/oliver-baer.de\/tatze\/#organization","name":"baerentatze","url":"https:\/\/oliver-baer.de\/tatze\/","logo":{"@type":"ImageObject","inLanguage":"de","@id":"https:\/\/oliver-baer.de\/tatze\/#\/schema\/logo\/image\/","url":"https:\/\/oliver-baer.de\/tatze\/wp-content\/uploads\/2024\/05\/cropped-tatze-icon-1-1.png","contentUrl":"https:\/\/oliver-baer.de\/tatze\/wp-content\/uploads\/2024\/05\/cropped-tatze-icon-1-1.png","width":1024,"height":1024,"caption":"baerentatze"},"image":{"@id":"https:\/\/oliver-baer.de\/tatze\/#\/schema\/logo\/image\/"}}]}},"_links":{"self":[{"href":"https:\/\/oliver-baer.de\/tatze\/wp-json\/wp\/v2\/pages\/4685"}],"collection":[{"href":"https:\/\/oliver-baer.de\/tatze\/wp-json\/wp\/v2\/pages"}],"about":[{"href":"https:\/\/oliver-baer.de\/tatze\/wp-json\/wp\/v2\/types\/page"}],"author":[{"embeddable":true,"href":"https:\/\/oliver-baer.de\/tatze\/wp-json\/wp\/v2\/users\/18"}],"replies":[{"embeddable":true,"href":"https:\/\/oliver-baer.de\/tatze\/wp-json\/wp\/v2\/comments?post=4685"}],"version-history":[{"count":22,"href":"https:\/\/oliver-baer.de\/tatze\/wp-json\/wp\/v2\/pages\/4685\/revisions"}],"predecessor-version":[{"id":6772,"href":"https:\/\/oliver-baer.de\/tatze\/wp-json\/wp\/v2\/pages\/4685\/revisions\/6772"}],"wp:attachment":[{"href":"https:\/\/oliver-baer.de\/tatze\/wp-json\/wp\/v2\/media?parent=4685"}],"curies":[{"name":"wp","href":"https:\/\/api.w.org\/{rel}","templated":true}]}}