{"id":4650,"date":"2017-10-26T17:55:40","date_gmt":"2017-10-26T16:55:40","guid":{"rendered":"https:\/\/oliver-baer.de\/tatze\/?page_id=4650"},"modified":"2025-10-07T09:43:30","modified_gmt":"2025-10-07T08:43:30","slug":"texte-fuer-sie","status":"publish","type":"page","link":"https:\/\/oliver-baer.de\/tatze\/texte-fuer-sie","title":{"rendered":"Ghostwriter"},"content":{"rendered":"<h1>Lassen Sie sich bedienen<\/h1>\n<p>Ich schreibe Ihre Texte: in Ihrem Sinne und mit Stilmitteln.\u00a0Ich kann Ihr Ghostwriter sein, Ihr Autor und Redakteur f\u00fcr genie\u00dfbare, glaubw\u00fcrdige Texte.\u00a0Den angemessenen Tiefgang und die Humordosis verabreden wir vorab, denn \u201ewer l\u00e4chelt, lernt mehr.\u201c<\/p>\n<p>&nbsp;<\/p>\n<p>Meine Leistungen bekommen Sie vorzugsweise in Deutsch, auch in Englisch, gegebenenfalls zweisprachig. Nach dreizehn Jahren im Johannesburger Wirtschaftsleben bin ich im Englischen wie ein Muttersprachler unterwegs. Rufen Sie mich einfach an:\u00a0 \u00a0 \u00fcbergangsweise unter dieser Nummer: +49 (0)231 6181 8772, ab 27. Februar 2026 ist es wieder +49 (0)231 725 725 60.<\/p>\n<p><iframe loading=\"lazy\" src=\"https:\/\/www.youtube.com\/embed\/WvndTFT9LyM\" width=\"310\" height=\"174\" frameborder=\"0\" allowfullscreen=\"allowfullscreen\"><\/iframe><\/p>\n","protected":false},"excerpt":{"rendered":"<p>Lassen Sie sich bedienen Ich schreibe Ihre Texte: in Ihrem Sinne und mit Stilmitteln.\u00a0Ich kann Ihr Ghostwriter sein, Ihr Autor und Redakteur f\u00fcr genie\u00dfbare, glaubw\u00fcrdige Texte.\u00a0Den angemessenen Tiefgang und die Humordosis verabreden wir vorab, denn \u201ewer l\u00e4chelt, lernt mehr.\u201c &nbsp; Meine Leistungen bekommen Sie vorzugsweise in Deutsch, auch in Englisch, gegebenenfalls zweisprachig. Nach dreizehn Jahren [&hellip;]<\/p>\n","protected":false},"author":18,"featured_media":0,"parent":0,"menu_order":1,"comment_status":"closed","ping_status":"closed","template":"","meta":{"footnotes":""},"yoast_head":"<!-- This site is optimized with the Yoast SEO plugin v22.7 - https:\/\/yoast.com\/wordpress\/plugins\/seo\/ -->\n<title>Ghostwriter - baerentatze<\/title>\n<meta name=\"description\" content=\"Oliver Baer als Ihr Ghostwriter, denn Ihnen fehlt vielleicht die Zeit oder die Lust, selber zuschreiben.\" \/>\n<meta name=\"robots\" content=\"index, follow, max-snippet:-1, max-image-preview:large, max-video-preview:-1\" \/>\n<link rel=\"canonical\" href=\"https:\/\/oliver-baer.de\/tatze\/texte-fuer-sie\" \/>\n<meta property=\"og:locale\" content=\"de_DE\" \/>\n<meta property=\"og:type\" content=\"article\" \/>\n<meta property=\"og:title\" content=\"Ghostwriter - baerentatze\" \/>\n<meta property=\"og:description\" content=\"Oliver Baer als Ihr Ghostwriter, denn Ihnen fehlt vielleicht die Zeit oder die Lust, selber zuschreiben.\" \/>\n<meta property=\"og:url\" content=\"https:\/\/oliver-baer.de\/tatze\/texte-fuer-sie\" \/>\n<meta property=\"og:site_name\" content=\"baerentatze\" \/>\n<meta property=\"article:modified_time\" content=\"2025-10-07T08:43:30+00:00\" \/>\n<meta name=\"twitter:card\" content=\"summary_large_image\" \/>\n<meta name=\"twitter:label1\" content=\"Gesch\u00e4tzte Lesezeit\" \/>\n\t<meta name=\"twitter:data1\" content=\"1\u00a0Minute\" \/>\n<script type=\"application\/ld+json\" class=\"yoast-schema-graph\">{\"@context\":\"https:\/\/schema.org\",\"@graph\":[{\"@type\":\"WebPage\",\"@id\":\"https:\/\/oliver-baer.de\/tatze\/texte-fuer-sie\",\"url\":\"https:\/\/oliver-baer.de\/tatze\/texte-fuer-sie\",\"name\":\"Ghostwriter - baerentatze\",\"isPartOf\":{\"@id\":\"https:\/\/oliver-baer.de\/tatze\/#website\"},\"datePublished\":\"2017-10-26T16:55:40+00:00\",\"dateModified\":\"2025-10-07T08:43:30+00:00\",\"description\":\"Oliver Baer als Ihr Ghostwriter, denn Ihnen fehlt vielleicht die Zeit oder die Lust, selber zuschreiben.\",\"breadcrumb\":{\"@id\":\"https:\/\/oliver-baer.de\/tatze\/texte-fuer-sie#breadcrumb\"},\"inLanguage\":\"de\",\"potentialAction\":[{\"@type\":\"ReadAction\",\"target\":[\"https:\/\/oliver-baer.de\/tatze\/texte-fuer-sie\"]}]},{\"@type\":\"BreadcrumbList\",\"@id\":\"https:\/\/oliver-baer.de\/tatze\/texte-fuer-sie#breadcrumb\",\"itemListElement\":[{\"@type\":\"ListItem\",\"position\":1,\"name\":\"Startseite\",\"item\":\"https:\/\/oliver-baer.de\/tatze\"},{\"@type\":\"ListItem\",\"position\":2,\"name\":\"Ghostwriter\"}]},{\"@type\":\"WebSite\",\"@id\":\"https:\/\/oliver-baer.de\/tatze\/#website\",\"url\":\"https:\/\/oliver-baer.de\/tatze\/\",\"name\":\"baerentatze\",\"description\":\"wo es um Sprache geht\",\"publisher\":{\"@id\":\"https:\/\/oliver-baer.de\/tatze\/#organization\"},\"potentialAction\":[{\"@type\":\"SearchAction\",\"target\":{\"@type\":\"EntryPoint\",\"urlTemplate\":\"https:\/\/oliver-baer.de\/tatze\/?s={search_term_string}\"},\"query-input\":\"required name=search_term_string\"}],\"inLanguage\":\"de\"},{\"@type\":\"Organization\",\"@id\":\"https:\/\/oliver-baer.de\/tatze\/#organization\",\"name\":\"baerentatze\",\"url\":\"https:\/\/oliver-baer.de\/tatze\/\",\"logo\":{\"@type\":\"ImageObject\",\"inLanguage\":\"de\",\"@id\":\"https:\/\/oliver-baer.de\/tatze\/#\/schema\/logo\/image\/\",\"url\":\"https:\/\/oliver-baer.de\/tatze\/wp-content\/uploads\/2024\/05\/cropped-tatze-icon-1-1.png\",\"contentUrl\":\"https:\/\/oliver-baer.de\/tatze\/wp-content\/uploads\/2024\/05\/cropped-tatze-icon-1-1.png\",\"width\":1024,\"height\":1024,\"caption\":\"baerentatze\"},\"image\":{\"@id\":\"https:\/\/oliver-baer.de\/tatze\/#\/schema\/logo\/image\/\"}}]}<\/script>\n<!-- \/ Yoast SEO plugin. -->","yoast_head_json":{"title":"Ghostwriter - baerentatze","description":"Oliver Baer als Ihr Ghostwriter, denn Ihnen fehlt vielleicht die Zeit oder die Lust, selber zuschreiben.","robots":{"index":"index","follow":"follow","max-snippet":"max-snippet:-1","max-image-preview":"max-image-preview:large","max-video-preview":"max-video-preview:-1"},"canonical":"https:\/\/oliver-baer.de\/tatze\/texte-fuer-sie","og_locale":"de_DE","og_type":"article","og_title":"Ghostwriter - baerentatze","og_description":"Oliver Baer als Ihr Ghostwriter, denn Ihnen fehlt vielleicht die Zeit oder die Lust, selber zuschreiben.","og_url":"https:\/\/oliver-baer.de\/tatze\/texte-fuer-sie","og_site_name":"baerentatze","article_modified_time":"2025-10-07T08:43:30+00:00","twitter_card":"summary_large_image","twitter_misc":{"Gesch\u00e4tzte Lesezeit":"1\u00a0Minute"},"schema":{"@context":"https:\/\/schema.org","@graph":[{"@type":"WebPage","@id":"https:\/\/oliver-baer.de\/tatze\/texte-fuer-sie","url":"https:\/\/oliver-baer.de\/tatze\/texte-fuer-sie","name":"Ghostwriter - baerentatze","isPartOf":{"@id":"https:\/\/oliver-baer.de\/tatze\/#website"},"datePublished":"2017-10-26T16:55:40+00:00","dateModified":"2025-10-07T08:43:30+00:00","description":"Oliver Baer als Ihr Ghostwriter, denn Ihnen fehlt vielleicht die Zeit oder die Lust, selber zuschreiben.","breadcrumb":{"@id":"https:\/\/oliver-baer.de\/tatze\/texte-fuer-sie#breadcrumb"},"inLanguage":"de","potentialAction":[{"@type":"ReadAction","target":["https:\/\/oliver-baer.de\/tatze\/texte-fuer-sie"]}]},{"@type":"BreadcrumbList","@id":"https:\/\/oliver-baer.de\/tatze\/texte-fuer-sie#breadcrumb","itemListElement":[{"@type":"ListItem","position":1,"name":"Startseite","item":"https:\/\/oliver-baer.de\/tatze"},{"@type":"ListItem","position":2,"name":"Ghostwriter"}]},{"@type":"WebSite","@id":"https:\/\/oliver-baer.de\/tatze\/#website","url":"https:\/\/oliver-baer.de\/tatze\/","name":"baerentatze","description":"wo es um Sprache geht","publisher":{"@id":"https:\/\/oliver-baer.de\/tatze\/#organization"},"potentialAction":[{"@type":"SearchAction","target":{"@type":"EntryPoint","urlTemplate":"https:\/\/oliver-baer.de\/tatze\/?s={search_term_string}"},"query-input":"required name=search_term_string"}],"inLanguage":"de"},{"@type":"Organization","@id":"https:\/\/oliver-baer.de\/tatze\/#organization","name":"baerentatze","url":"https:\/\/oliver-baer.de\/tatze\/","logo":{"@type":"ImageObject","inLanguage":"de","@id":"https:\/\/oliver-baer.de\/tatze\/#\/schema\/logo\/image\/","url":"https:\/\/oliver-baer.de\/tatze\/wp-content\/uploads\/2024\/05\/cropped-tatze-icon-1-1.png","contentUrl":"https:\/\/oliver-baer.de\/tatze\/wp-content\/uploads\/2024\/05\/cropped-tatze-icon-1-1.png","width":1024,"height":1024,"caption":"baerentatze"},"image":{"@id":"https:\/\/oliver-baer.de\/tatze\/#\/schema\/logo\/image\/"}}]}},"_links":{"self":[{"href":"https:\/\/oliver-baer.de\/tatze\/wp-json\/wp\/v2\/pages\/4650"}],"collection":[{"href":"https:\/\/oliver-baer.de\/tatze\/wp-json\/wp\/v2\/pages"}],"about":[{"href":"https:\/\/oliver-baer.de\/tatze\/wp-json\/wp\/v2\/types\/page"}],"author":[{"embeddable":true,"href":"https:\/\/oliver-baer.de\/tatze\/wp-json\/wp\/v2\/users\/18"}],"replies":[{"embeddable":true,"href":"https:\/\/oliver-baer.de\/tatze\/wp-json\/wp\/v2\/comments?post=4650"}],"version-history":[{"count":22,"href":"https:\/\/oliver-baer.de\/tatze\/wp-json\/wp\/v2\/pages\/4650\/revisions"}],"predecessor-version":[{"id":6840,"href":"https:\/\/oliver-baer.de\/tatze\/wp-json\/wp\/v2\/pages\/4650\/revisions\/6840"}],"wp:attachment":[{"href":"https:\/\/oliver-baer.de\/tatze\/wp-json\/wp\/v2\/media?parent=4650"}],"curies":[{"name":"wp","href":"https:\/\/api.w.org\/{rel}","templated":true}]}}