{"id":4584,"date":"2017-10-20T17:19:49","date_gmt":"2017-10-20T16:19:49","guid":{"rendered":"https:\/\/oliver-baer.de\/tatze\/?page_id=4584"},"modified":"2026-02-27T15:20:26","modified_gmt":"2026-02-27T14:20:26","slug":"impressum","status":"publish","type":"page","link":"https:\/\/oliver-baer.de\/tatze\/impressum","title":{"rendered":"Impressum"},"content":{"rendered":"<h2>Impressum<\/h2>\n<p>Inhaltlich Verantwortlicher f\u00fcr www.oliver-baer.de und www.baerentatze.de gem\u00e4\u00df \u00a76 TDG:<\/p>\n<p>Oliver Baer (Dipl.-Ing.)<br \/>\nPublizist, Buchautor<br \/>\nL\u00f6ttringhauser Stra\u00dfe 1<br \/>\nD 44225 Dortmund<br \/>\nDeutschland<\/p>\n<p><strong>fon <\/strong><\/p>\n<p>+49 (0) 231 725 725 60<\/p>\n<p><strong>E-mail <\/strong><br \/>\ncourriel (Klammeraffe) oliver-baer.de<\/p>\n<p>Namentlich gezeichnete Beitr\u00e4ge stellen nicht die offizielle Meinung der Redaktion baerentatze dar, sondern die ihrer Autoren. Spottolski ist eine Kunstfigur, meine eigene Erfindung.\u00a0Ich, Oliver Baer, \u00fcbernehme keine Haftung f\u00fcr die sachliche Richtigkeit der Beitr\u00e4ge sowie daraus resultierende Handlungen.\u00a0F\u00fcr unverlangt eingesandte Manuskripte \u00fcbernehme ich keine Haftung.<\/p>\n<h2>Urheberrecht &#8211; Copyright<\/h2>\n<p>Das Urheberrecht Copyright \u00a9 liegt bei Oliver Baer 1997 bis zum heutigen Datum. Alle Rechte vorbehalten. Das Copyright der namentlich gekennzeichneten Beitr\u00e4ge liegt bei ihren Autoren. Selbstverst\u00e4ndlich d\u00fcrfen Sie zitieren, nach den \u00fcblichen Regeln des Zitierens (also Ross und Reiter nennen). Vervielf\u00e4ltigung und\/oder Weiterverbreitung der baerentatze ist gerne gestattet, vorausgesetzt Sie verweisen Sie auf die Quelle www.baerentatze.de.<\/p>\n<h2>Haftung<\/h2>\n<p>F\u00fcr alle Seiten meines Netzauftritts (inkl. oliver-baer.de und baerentatze.de) gilt der Haftungsausschluss, den Sie hier unter <a href=\"http:\/\/www.disclaimer.de\/disclaimer.htm\" target=\"_blank\" rel=\"noopener\">www.disclaimer.de\/disclaimer.htm<\/a> finden.<\/p>\n<h3>b\u00e4rentatze.de?<\/h3>\n<p>Mit www.b\u00e4rentatze.de (a mit Umlaut = \u00e4) habe ich nichts zu tun. Meine www.baerentatze.de schreibt man wie meinen Namen: mit ae.<\/p>\n<h2>Datenschutz, Diskretion<\/h2>\n<p>Verlassen Sie sich darauf: Ich habe weder Zeit noch Lust, Sie mit E-Mails einzudecken. Falls meine Adresse von anderen missbraucht wird, wiederhole ich hier im Klartext: <strong>Ich<\/strong> verschicke <strong>keinen<\/strong> Spam und Passw\u00f6rter brauchen Sie im Umgang mit mir sowieso nicht. Also, falls jemand unter meinem Namen auftritt, bezweifeln Sie gegebenenfalls seine Identit\u00e4t! Im Zweifel rufen Sie mich an, wir trinken einen Kaffee zusammen. Oder auch nicht.<\/p>\n<p>Sie besuchen www.oliver-baer.de und www.baerentatze.de gratis und ohne Preisgabe Ihrer Identit\u00e4t. Ihren Namen und ihre Mailadresse ben\u00f6tige ich nur, falls Sie die <a href=\"https:\/\/oliver-baer.de\/tatze\/abonnement-baerentatze-per-e-mail\">baerentatze im Abonnement<\/a> beziehen wollen. Die Namen und Mailadressen der Abonnenten stehen in einer per Passwort gesch\u00fctzten Liste, das Passwort ist nur mir bekannt. Sobald Sie Ihr Abonnement k\u00fcndigen, werden Sie aus der Liste spurlos gel\u00f6scht.<\/p>\n<p><strong>Weitergabe Ihrer Daten kommt \u00fcberhaupt nicht vor, basta!<\/strong><\/p>\n","protected":false},"excerpt":{"rendered":"<p>Impressum Inhaltlich Verantwortlicher f\u00fcr www.oliver-baer.de und www.baerentatze.de gem\u00e4\u00df \u00a76 TDG: Oliver Baer (Dipl.-Ing.) Publizist, Buchautor L\u00f6ttringhauser Stra\u00dfe 1 D 44225 Dortmund Deutschland fon +49 (0) 231 725 725 60 E-mail courriel (Klammeraffe) oliver-baer.de Namentlich gezeichnete Beitr\u00e4ge stellen nicht die offizielle Meinung der Redaktion baerentatze dar, sondern die ihrer Autoren. Spottolski ist eine Kunstfigur, meine eigene [&hellip;]<\/p>\n","protected":false},"author":18,"featured_media":0,"parent":0,"menu_order":7,"comment_status":"closed","ping_status":"closed","template":"","meta":{"footnotes":""},"yoast_head":"<!-- This site is optimized with the Yoast SEO plugin v22.7 - https:\/\/yoast.com\/wordpress\/plugins\/seo\/ -->\n<title>Impressum - baerentatze<\/title>\n<meta name=\"robots\" content=\"index, follow, max-snippet:-1, max-image-preview:large, max-video-preview:-1\" \/>\n<link rel=\"canonical\" href=\"https:\/\/oliver-baer.de\/tatze\/impressum\" \/>\n<meta property=\"og:locale\" content=\"de_DE\" \/>\n<meta property=\"og:type\" content=\"article\" \/>\n<meta property=\"og:title\" content=\"Impressum - baerentatze\" \/>\n<meta property=\"og:description\" content=\"Impressum Inhaltlich Verantwortlicher f\u00fcr www.oliver-baer.de und www.baerentatze.de gem\u00e4\u00df \u00a76 TDG: Oliver Baer (Dipl.-Ing.) Publizist, Buchautor L\u00f6ttringhauser Stra\u00dfe 1 D 44225 Dortmund Deutschland fon +49 (0) 231 725 725 60 E-mail courriel (Klammeraffe) oliver-baer.de Namentlich gezeichnete Beitr\u00e4ge stellen nicht die offizielle Meinung der Redaktion baerentatze dar, sondern die ihrer Autoren. Spottolski ist eine Kunstfigur, meine eigene [&hellip;]\" \/>\n<meta property=\"og:url\" content=\"https:\/\/oliver-baer.de\/tatze\/impressum\" \/>\n<meta property=\"og:site_name\" content=\"baerentatze\" \/>\n<meta property=\"article:modified_time\" content=\"2026-02-27T14:20:26+00:00\" \/>\n<meta name=\"twitter:card\" content=\"summary_large_image\" \/>\n<meta name=\"twitter:label1\" content=\"Gesch\u00e4tzte Lesezeit\" \/>\n\t<meta name=\"twitter:data1\" content=\"2\u00a0Minuten\" \/>\n<script type=\"application\/ld+json\" class=\"yoast-schema-graph\">{\"@context\":\"https:\/\/schema.org\",\"@graph\":[{\"@type\":\"WebPage\",\"@id\":\"https:\/\/oliver-baer.de\/tatze\/impressum\",\"url\":\"https:\/\/oliver-baer.de\/tatze\/impressum\",\"name\":\"Impressum - baerentatze\",\"isPartOf\":{\"@id\":\"https:\/\/oliver-baer.de\/tatze\/#website\"},\"datePublished\":\"2017-10-20T16:19:49+00:00\",\"dateModified\":\"2026-02-27T14:20:26+00:00\",\"breadcrumb\":{\"@id\":\"https:\/\/oliver-baer.de\/tatze\/impressum#breadcrumb\"},\"inLanguage\":\"de\",\"potentialAction\":[{\"@type\":\"ReadAction\",\"target\":[\"https:\/\/oliver-baer.de\/tatze\/impressum\"]}]},{\"@type\":\"BreadcrumbList\",\"@id\":\"https:\/\/oliver-baer.de\/tatze\/impressum#breadcrumb\",\"itemListElement\":[{\"@type\":\"ListItem\",\"position\":1,\"name\":\"Startseite\",\"item\":\"https:\/\/oliver-baer.de\/tatze\"},{\"@type\":\"ListItem\",\"position\":2,\"name\":\"Impressum\"}]},{\"@type\":\"WebSite\",\"@id\":\"https:\/\/oliver-baer.de\/tatze\/#website\",\"url\":\"https:\/\/oliver-baer.de\/tatze\/\",\"name\":\"baerentatze\",\"description\":\"wo es um Sprache geht\",\"publisher\":{\"@id\":\"https:\/\/oliver-baer.de\/tatze\/#organization\"},\"potentialAction\":[{\"@type\":\"SearchAction\",\"target\":{\"@type\":\"EntryPoint\",\"urlTemplate\":\"https:\/\/oliver-baer.de\/tatze\/?s={search_term_string}\"},\"query-input\":\"required name=search_term_string\"}],\"inLanguage\":\"de\"},{\"@type\":\"Organization\",\"@id\":\"https:\/\/oliver-baer.de\/tatze\/#organization\",\"name\":\"baerentatze\",\"url\":\"https:\/\/oliver-baer.de\/tatze\/\",\"logo\":{\"@type\":\"ImageObject\",\"inLanguage\":\"de\",\"@id\":\"https:\/\/oliver-baer.de\/tatze\/#\/schema\/logo\/image\/\",\"url\":\"https:\/\/oliver-baer.de\/tatze\/wp-content\/uploads\/2024\/05\/cropped-tatze-icon-1-1.png\",\"contentUrl\":\"https:\/\/oliver-baer.de\/tatze\/wp-content\/uploads\/2024\/05\/cropped-tatze-icon-1-1.png\",\"width\":1024,\"height\":1024,\"caption\":\"baerentatze\"},\"image\":{\"@id\":\"https:\/\/oliver-baer.de\/tatze\/#\/schema\/logo\/image\/\"}}]}<\/script>\n<!-- \/ Yoast SEO plugin. -->","yoast_head_json":{"title":"Impressum - baerentatze","robots":{"index":"index","follow":"follow","max-snippet":"max-snippet:-1","max-image-preview":"max-image-preview:large","max-video-preview":"max-video-preview:-1"},"canonical":"https:\/\/oliver-baer.de\/tatze\/impressum","og_locale":"de_DE","og_type":"article","og_title":"Impressum - baerentatze","og_description":"Impressum Inhaltlich Verantwortlicher f\u00fcr www.oliver-baer.de und www.baerentatze.de gem\u00e4\u00df \u00a76 TDG: Oliver Baer (Dipl.-Ing.) Publizist, Buchautor L\u00f6ttringhauser Stra\u00dfe 1 D 44225 Dortmund Deutschland fon +49 (0) 231 725 725 60 E-mail courriel (Klammeraffe) oliver-baer.de Namentlich gezeichnete Beitr\u00e4ge stellen nicht die offizielle Meinung der Redaktion baerentatze dar, sondern die ihrer Autoren. Spottolski ist eine Kunstfigur, meine eigene [&hellip;]","og_url":"https:\/\/oliver-baer.de\/tatze\/impressum","og_site_name":"baerentatze","article_modified_time":"2026-02-27T14:20:26+00:00","twitter_card":"summary_large_image","twitter_misc":{"Gesch\u00e4tzte Lesezeit":"2\u00a0Minuten"},"schema":{"@context":"https:\/\/schema.org","@graph":[{"@type":"WebPage","@id":"https:\/\/oliver-baer.de\/tatze\/impressum","url":"https:\/\/oliver-baer.de\/tatze\/impressum","name":"Impressum - baerentatze","isPartOf":{"@id":"https:\/\/oliver-baer.de\/tatze\/#website"},"datePublished":"2017-10-20T16:19:49+00:00","dateModified":"2026-02-27T14:20:26+00:00","breadcrumb":{"@id":"https:\/\/oliver-baer.de\/tatze\/impressum#breadcrumb"},"inLanguage":"de","potentialAction":[{"@type":"ReadAction","target":["https:\/\/oliver-baer.de\/tatze\/impressum"]}]},{"@type":"BreadcrumbList","@id":"https:\/\/oliver-baer.de\/tatze\/impressum#breadcrumb","itemListElement":[{"@type":"ListItem","position":1,"name":"Startseite","item":"https:\/\/oliver-baer.de\/tatze"},{"@type":"ListItem","position":2,"name":"Impressum"}]},{"@type":"WebSite","@id":"https:\/\/oliver-baer.de\/tatze\/#website","url":"https:\/\/oliver-baer.de\/tatze\/","name":"baerentatze","description":"wo es um Sprache geht","publisher":{"@id":"https:\/\/oliver-baer.de\/tatze\/#organization"},"potentialAction":[{"@type":"SearchAction","target":{"@type":"EntryPoint","urlTemplate":"https:\/\/oliver-baer.de\/tatze\/?s={search_term_string}"},"query-input":"required name=search_term_string"}],"inLanguage":"de"},{"@type":"Organization","@id":"https:\/\/oliver-baer.de\/tatze\/#organization","name":"baerentatze","url":"https:\/\/oliver-baer.de\/tatze\/","logo":{"@type":"ImageObject","inLanguage":"de","@id":"https:\/\/oliver-baer.de\/tatze\/#\/schema\/logo\/image\/","url":"https:\/\/oliver-baer.de\/tatze\/wp-content\/uploads\/2024\/05\/cropped-tatze-icon-1-1.png","contentUrl":"https:\/\/oliver-baer.de\/tatze\/wp-content\/uploads\/2024\/05\/cropped-tatze-icon-1-1.png","width":1024,"height":1024,"caption":"baerentatze"},"image":{"@id":"https:\/\/oliver-baer.de\/tatze\/#\/schema\/logo\/image\/"}}]}},"_links":{"self":[{"href":"https:\/\/oliver-baer.de\/tatze\/wp-json\/wp\/v2\/pages\/4584"}],"collection":[{"href":"https:\/\/oliver-baer.de\/tatze\/wp-json\/wp\/v2\/pages"}],"about":[{"href":"https:\/\/oliver-baer.de\/tatze\/wp-json\/wp\/v2\/types\/page"}],"author":[{"embeddable":true,"href":"https:\/\/oliver-baer.de\/tatze\/wp-json\/wp\/v2\/users\/18"}],"replies":[{"embeddable":true,"href":"https:\/\/oliver-baer.de\/tatze\/wp-json\/wp\/v2\/comments?post=4584"}],"version-history":[{"count":44,"href":"https:\/\/oliver-baer.de\/tatze\/wp-json\/wp\/v2\/pages\/4584\/revisions"}],"predecessor-version":[{"id":6858,"href":"https:\/\/oliver-baer.de\/tatze\/wp-json\/wp\/v2\/pages\/4584\/revisions\/6858"}],"wp:attachment":[{"href":"https:\/\/oliver-baer.de\/tatze\/wp-json\/wp\/v2\/media?parent=4584"}],"curies":[{"name":"wp","href":"https:\/\/api.w.org\/{rel}","templated":true}]}}