{"id":4555,"date":"2017-10-20T12:49:22","date_gmt":"2017-10-20T11:49:22","guid":{"rendered":"https:\/\/oliver-baer.de\/tatze\/?page_id=4555"},"modified":"2024-05-24T16:05:29","modified_gmt":"2024-05-24T15:05:29","slug":"vortraege","status":"publish","type":"page","link":"https:\/\/oliver-baer.de\/tatze\/vortraege","title":{"rendered":"Vortr\u00e4ge"},"content":{"rendered":"<h2>Vortr\u00e4ge<\/h2>\n<h3>Meine Standardthemen &#8211; ma\u00dfgenommen f\u00fcr Sie<\/h3>\n<p>Ich richte meine Vortr\u00e4ge stets nach den Bed\u00fcrfnissen des Publikums, entweder als Vorlesung oder im Austausch w\u00e4hrend des Referats. Jeder Vortrag ist ein Unikat, zugleich unterhaltsam und mit dem angemessenen Tiefgang (wie mit Ihnen verabredet).\u00a0Das Recht, die H\u00f6rer zu langweilen, nehme ich mir nicht. Manche Vortr\u00e4ge enthalten Bilder und bed\u00fcrfen der Projektion an die Wand. Ich arbeite auch gern ganz ohne Technik. Alle Veranstaltungen gibt es auf Deutsch, Englisch oder gegebenenfalls mehrsprachig.<\/p>\n<h3>Die angebotenen Titel<\/h3>\n<h4><strong>Wie geht&#8217;s weiter? &#8211; Wahrheit und L\u00fcge, mit oder ohne Sprache<\/strong><\/h4>\n<p>&#8211; f\u00fcr politikgesch\u00e4digte B\u00fcrger, Politiker, Gesch\u00e4ftsleute<\/p>\n<h4><strong>Zwischen Kitsch und Kunst &#8211; Sprache, der wiederentdeckte Produktionsfaktor<\/strong><\/h4>\n<p>&#8211; f\u00fcr Gesch\u00e4ftsleute<\/p>\n<h4><strong>N\u00fctzlicher Umgang mit Englisch und Deutsch im Berufsalltag, global und lokal<\/strong><\/h4>\n<p>&#8211; f\u00fcr F\u00fchrungskr\u00e4fte und Schl\u00fcsselpersonen, die Englisch sprechen oder es ben\u00f6tigen<\/p>\n<h4><strong>\u00d6ko und noch etwas &#8211; zeitgem\u00e4\u00dfes Umweltmarketing<\/strong><\/h4>\n<p>&#8211; f\u00fcr Chefs im Mittelstand<\/p>\n<h4><strong>Fachkr\u00e4fte \/ eine Stelle finden mithilfe der Muttersprache<\/strong><\/h4>\n<p>&#8211; f\u00fcr Personaler und Chefs \/ f\u00fcr Bewerber und Berufsaufsteiger<\/p>\n<h4><strong>Denglisch For U<\/strong><\/h4>\n<p>&#8211; f\u00fcr Sprachfreunde, z.B. Journalisten<br \/>\nDenglisch for U gibt es unter beliebigem Titel; er dient der Bespa\u00dfung von Tagungsteilnehmern. Er ist eine unterhaltsame Tour durch die Haileits eines kuhlen Sprachgebrauchs, der sich fast wie Englisch anh\u00f6rt. Als Referent stehe ich diesseits der Eiferer und jenseits der Beliebiker; ein gewisser Tiefgang mitten im Vortrag ist nicht zu vermeiden, wird aber durch den unfreiwilligen Witz moderner Sprachverirrungen in Schach gehalten.<\/p>\n<hr \/>\n<figure id=\"attachment_4724\" aria-describedby=\"caption-attachment-4724\" style=\"width: 300px\" class=\"wp-caption alignleft\"><img loading=\"lazy\" decoding=\"async\" class=\"size-full wp-image-4724\" src=\"https:\/\/oliver-baer.de\/tatze\/wp-content\/uploads\/2017\/11\/referenz-flexografen-300.jpg\" alt=\"\" width=\"300\" height=\"422\" \/><figcaption id=\"caption-attachment-4724\" class=\"wp-caption-text\">Sch\u00f6ner, ungesch\u00f6nter Dank eines Kunden<\/figcaption><\/figure>\n<p><strong>Was die Flexografen von meinem Vortrag hielten:<\/strong><\/p>\n<p>\u201e&#8230; Kein Teilnehmer hat den Saal trockenen Auges verlassen,<\/p>\n<p>&#8230; haben Sie mit Ihrem Vortrag zu 100 Prozent den Nerv der Zuh\u00f6rerschaft getroffen<\/p>\n<p>&#8230; Nochmals besten Dank f\u00fcr einen \u00fcberaus am\u00fcsanten und zugleich tiefgr\u00fcndigen Vortrag \u00fcber unsere Sprache.\u201c<\/p>\n","protected":false},"excerpt":{"rendered":"<p>Vortr\u00e4ge Meine Standardthemen &#8211; ma\u00dfgenommen f\u00fcr Sie Ich richte meine Vortr\u00e4ge stets nach den Bed\u00fcrfnissen des Publikums, entweder als Vorlesung oder im Austausch w\u00e4hrend des Referats. Jeder Vortrag ist ein Unikat, zugleich unterhaltsam und mit dem angemessenen Tiefgang (wie mit Ihnen verabredet).\u00a0Das Recht, die H\u00f6rer zu langweilen, nehme ich mir nicht. Manche Vortr\u00e4ge enthalten Bilder [&hellip;]<\/p>\n","protected":false},"author":18,"featured_media":0,"parent":0,"menu_order":3,"comment_status":"closed","ping_status":"closed","template":"","meta":{"footnotes":""},"yoast_head":"<!-- This site is optimized with the Yoast SEO plugin v22.7 - https:\/\/yoast.com\/wordpress\/plugins\/seo\/ -->\n<title>Vortr\u00e4ge - baerentatze<\/title>\n<meta name=\"robots\" content=\"index, follow, max-snippet:-1, max-image-preview:large, max-video-preview:-1\" \/>\n<link rel=\"canonical\" href=\"https:\/\/oliver-baer.de\/tatze\/vortraege\" \/>\n<meta property=\"og:locale\" content=\"de_DE\" \/>\n<meta property=\"og:type\" content=\"article\" \/>\n<meta property=\"og:title\" content=\"Vortr\u00e4ge - baerentatze\" \/>\n<meta property=\"og:description\" content=\"Vortr\u00e4ge Meine Standardthemen &#8211; ma\u00dfgenommen f\u00fcr Sie Ich richte meine Vortr\u00e4ge stets nach den Bed\u00fcrfnissen des Publikums, entweder als Vorlesung oder im Austausch w\u00e4hrend des Referats. Jeder Vortrag ist ein Unikat, zugleich unterhaltsam und mit dem angemessenen Tiefgang (wie mit Ihnen verabredet).\u00a0Das Recht, die H\u00f6rer zu langweilen, nehme ich mir nicht. Manche Vortr\u00e4ge enthalten Bilder [&hellip;]\" \/>\n<meta property=\"og:url\" content=\"https:\/\/oliver-baer.de\/tatze\/vortraege\" \/>\n<meta property=\"og:site_name\" content=\"baerentatze\" \/>\n<meta property=\"article:modified_time\" content=\"2024-05-24T15:05:29+00:00\" \/>\n<meta property=\"og:image\" content=\"https:\/\/oliver-baer.de\/tatze\/wp-content\/uploads\/2017\/11\/referenz-flexografen-300.jpg\" \/>\n<meta name=\"twitter:card\" content=\"summary_large_image\" \/>\n<meta name=\"twitter:label1\" content=\"Gesch\u00e4tzte Lesezeit\" \/>\n\t<meta name=\"twitter:data1\" content=\"2\u00a0Minuten\" \/>\n<script type=\"application\/ld+json\" class=\"yoast-schema-graph\">{\"@context\":\"https:\/\/schema.org\",\"@graph\":[{\"@type\":\"WebPage\",\"@id\":\"https:\/\/oliver-baer.de\/tatze\/vortraege\",\"url\":\"https:\/\/oliver-baer.de\/tatze\/vortraege\",\"name\":\"Vortr\u00e4ge - baerentatze\",\"isPartOf\":{\"@id\":\"https:\/\/oliver-baer.de\/tatze\/#website\"},\"primaryImageOfPage\":{\"@id\":\"https:\/\/oliver-baer.de\/tatze\/vortraege#primaryimage\"},\"image\":{\"@id\":\"https:\/\/oliver-baer.de\/tatze\/vortraege#primaryimage\"},\"thumbnailUrl\":\"https:\/\/oliver-baer.de\/tatze\/wp-content\/uploads\/2017\/11\/referenz-flexografen-300.jpg\",\"datePublished\":\"2017-10-20T11:49:22+00:00\",\"dateModified\":\"2024-05-24T15:05:29+00:00\",\"breadcrumb\":{\"@id\":\"https:\/\/oliver-baer.de\/tatze\/vortraege#breadcrumb\"},\"inLanguage\":\"de\",\"potentialAction\":[{\"@type\":\"ReadAction\",\"target\":[\"https:\/\/oliver-baer.de\/tatze\/vortraege\"]}]},{\"@type\":\"ImageObject\",\"inLanguage\":\"de\",\"@id\":\"https:\/\/oliver-baer.de\/tatze\/vortraege#primaryimage\",\"url\":\"\",\"contentUrl\":\"\"},{\"@type\":\"BreadcrumbList\",\"@id\":\"https:\/\/oliver-baer.de\/tatze\/vortraege#breadcrumb\",\"itemListElement\":[{\"@type\":\"ListItem\",\"position\":1,\"name\":\"Startseite\",\"item\":\"https:\/\/oliver-baer.de\/tatze\"},{\"@type\":\"ListItem\",\"position\":2,\"name\":\"Vortr\u00e4ge\"}]},{\"@type\":\"WebSite\",\"@id\":\"https:\/\/oliver-baer.de\/tatze\/#website\",\"url\":\"https:\/\/oliver-baer.de\/tatze\/\",\"name\":\"baerentatze\",\"description\":\"wo es um Sprache geht\",\"publisher\":{\"@id\":\"https:\/\/oliver-baer.de\/tatze\/#organization\"},\"potentialAction\":[{\"@type\":\"SearchAction\",\"target\":{\"@type\":\"EntryPoint\",\"urlTemplate\":\"https:\/\/oliver-baer.de\/tatze\/?s={search_term_string}\"},\"query-input\":\"required name=search_term_string\"}],\"inLanguage\":\"de\"},{\"@type\":\"Organization\",\"@id\":\"https:\/\/oliver-baer.de\/tatze\/#organization\",\"name\":\"baerentatze\",\"url\":\"https:\/\/oliver-baer.de\/tatze\/\",\"logo\":{\"@type\":\"ImageObject\",\"inLanguage\":\"de\",\"@id\":\"https:\/\/oliver-baer.de\/tatze\/#\/schema\/logo\/image\/\",\"url\":\"https:\/\/oliver-baer.de\/tatze\/wp-content\/uploads\/2024\/05\/cropped-tatze-icon-1-1.png\",\"contentUrl\":\"https:\/\/oliver-baer.de\/tatze\/wp-content\/uploads\/2024\/05\/cropped-tatze-icon-1-1.png\",\"width\":1024,\"height\":1024,\"caption\":\"baerentatze\"},\"image\":{\"@id\":\"https:\/\/oliver-baer.de\/tatze\/#\/schema\/logo\/image\/\"}}]}<\/script>\n<!-- \/ Yoast SEO plugin. -->","yoast_head_json":{"title":"Vortr\u00e4ge - baerentatze","robots":{"index":"index","follow":"follow","max-snippet":"max-snippet:-1","max-image-preview":"max-image-preview:large","max-video-preview":"max-video-preview:-1"},"canonical":"https:\/\/oliver-baer.de\/tatze\/vortraege","og_locale":"de_DE","og_type":"article","og_title":"Vortr\u00e4ge - baerentatze","og_description":"Vortr\u00e4ge Meine Standardthemen &#8211; ma\u00dfgenommen f\u00fcr Sie Ich richte meine Vortr\u00e4ge stets nach den Bed\u00fcrfnissen des Publikums, entweder als Vorlesung oder im Austausch w\u00e4hrend des Referats. Jeder Vortrag ist ein Unikat, zugleich unterhaltsam und mit dem angemessenen Tiefgang (wie mit Ihnen verabredet).\u00a0Das Recht, die H\u00f6rer zu langweilen, nehme ich mir nicht. Manche Vortr\u00e4ge enthalten Bilder [&hellip;]","og_url":"https:\/\/oliver-baer.de\/tatze\/vortraege","og_site_name":"baerentatze","article_modified_time":"2024-05-24T15:05:29+00:00","og_image":[{"url":"https:\/\/oliver-baer.de\/tatze\/wp-content\/uploads\/2017\/11\/referenz-flexografen-300.jpg"}],"twitter_card":"summary_large_image","twitter_misc":{"Gesch\u00e4tzte Lesezeit":"2\u00a0Minuten"},"schema":{"@context":"https:\/\/schema.org","@graph":[{"@type":"WebPage","@id":"https:\/\/oliver-baer.de\/tatze\/vortraege","url":"https:\/\/oliver-baer.de\/tatze\/vortraege","name":"Vortr\u00e4ge - baerentatze","isPartOf":{"@id":"https:\/\/oliver-baer.de\/tatze\/#website"},"primaryImageOfPage":{"@id":"https:\/\/oliver-baer.de\/tatze\/vortraege#primaryimage"},"image":{"@id":"https:\/\/oliver-baer.de\/tatze\/vortraege#primaryimage"},"thumbnailUrl":"https:\/\/oliver-baer.de\/tatze\/wp-content\/uploads\/2017\/11\/referenz-flexografen-300.jpg","datePublished":"2017-10-20T11:49:22+00:00","dateModified":"2024-05-24T15:05:29+00:00","breadcrumb":{"@id":"https:\/\/oliver-baer.de\/tatze\/vortraege#breadcrumb"},"inLanguage":"de","potentialAction":[{"@type":"ReadAction","target":["https:\/\/oliver-baer.de\/tatze\/vortraege"]}]},{"@type":"ImageObject","inLanguage":"de","@id":"https:\/\/oliver-baer.de\/tatze\/vortraege#primaryimage","url":"","contentUrl":""},{"@type":"BreadcrumbList","@id":"https:\/\/oliver-baer.de\/tatze\/vortraege#breadcrumb","itemListElement":[{"@type":"ListItem","position":1,"name":"Startseite","item":"https:\/\/oliver-baer.de\/tatze"},{"@type":"ListItem","position":2,"name":"Vortr\u00e4ge"}]},{"@type":"WebSite","@id":"https:\/\/oliver-baer.de\/tatze\/#website","url":"https:\/\/oliver-baer.de\/tatze\/","name":"baerentatze","description":"wo es um Sprache geht","publisher":{"@id":"https:\/\/oliver-baer.de\/tatze\/#organization"},"potentialAction":[{"@type":"SearchAction","target":{"@type":"EntryPoint","urlTemplate":"https:\/\/oliver-baer.de\/tatze\/?s={search_term_string}"},"query-input":"required name=search_term_string"}],"inLanguage":"de"},{"@type":"Organization","@id":"https:\/\/oliver-baer.de\/tatze\/#organization","name":"baerentatze","url":"https:\/\/oliver-baer.de\/tatze\/","logo":{"@type":"ImageObject","inLanguage":"de","@id":"https:\/\/oliver-baer.de\/tatze\/#\/schema\/logo\/image\/","url":"https:\/\/oliver-baer.de\/tatze\/wp-content\/uploads\/2024\/05\/cropped-tatze-icon-1-1.png","contentUrl":"https:\/\/oliver-baer.de\/tatze\/wp-content\/uploads\/2024\/05\/cropped-tatze-icon-1-1.png","width":1024,"height":1024,"caption":"baerentatze"},"image":{"@id":"https:\/\/oliver-baer.de\/tatze\/#\/schema\/logo\/image\/"}}]}},"_links":{"self":[{"href":"https:\/\/oliver-baer.de\/tatze\/wp-json\/wp\/v2\/pages\/4555"}],"collection":[{"href":"https:\/\/oliver-baer.de\/tatze\/wp-json\/wp\/v2\/pages"}],"about":[{"href":"https:\/\/oliver-baer.de\/tatze\/wp-json\/wp\/v2\/types\/page"}],"author":[{"embeddable":true,"href":"https:\/\/oliver-baer.de\/tatze\/wp-json\/wp\/v2\/users\/18"}],"replies":[{"embeddable":true,"href":"https:\/\/oliver-baer.de\/tatze\/wp-json\/wp\/v2\/comments?post=4555"}],"version-history":[{"count":20,"href":"https:\/\/oliver-baer.de\/tatze\/wp-json\/wp\/v2\/pages\/4555\/revisions"}],"predecessor-version":[{"id":6766,"href":"https:\/\/oliver-baer.de\/tatze\/wp-json\/wp\/v2\/pages\/4555\/revisions\/6766"}],"wp:attachment":[{"href":"https:\/\/oliver-baer.de\/tatze\/wp-json\/wp\/v2\/media?parent=4555"}],"curies":[{"name":"wp","href":"https:\/\/api.w.org\/{rel}","templated":true}]}}