{"id":4546,"date":"2017-10-20T12:32:47","date_gmt":"2017-10-20T11:32:47","guid":{"rendered":"https:\/\/oliver-baer.de\/tatze\/?page_id=4546"},"modified":"2024-05-24T16:04:32","modified_gmt":"2024-05-24T15:04:32","slug":"veroeffentlichungen-auf-papier","status":"publish","type":"page","link":"https:\/\/oliver-baer.de\/tatze\/veroeffentlichungen-auf-papier","title":{"rendered":"Ver\u00f6ffentlichungen"},"content":{"rendered":"<h2>B\u00fccher<\/h2>\n<figure id=\"attachment_3486\" aria-describedby=\"caption-attachment-3486\" style=\"width: 203px\" class=\"wp-caption alignleft\"><img loading=\"lazy\" decoding=\"async\" src=\"https:\/\/oliver-baer.de\/tatze\/wp-content\/uploads\/2015\/08\/Von-Babylon-nach-Globylon-Umschlag_0-red.jpg\" alt=\"\" width=\"203\" height=\"305\" border=\"1\" \/><figcaption id=\"caption-attachment-3486\" class=\"wp-caption-text\">Zugleich trocken und unterhaltsam, ohne Bilder von sp\u00e4rlich bekleideten Menschen<\/figcaption><\/figure>\n<h3><strong>Von Babylon nach Globylon<\/strong><\/h3>\n<p>Weshalb Muttersprachen zum \u00dcberleben unverzichtbar bleiben und wieso Globischkenntnis in aller Regel gutem Englisch \u00fcberlegen ist<\/p>\n<p>Sachbuch und Ratgeber<\/p>\n<p>IFB Verlag, Paderborn, Juni 2009<br \/>\n389 Seiten, 19,60 \u20ac &#8211; Kindle 8,01 \u20ac<\/p>\n<p>Bestellung beispielsweise bei <a href=\"http:\/\/www.amazon.de\/s\/ref=nb_sb_noss?__mk_de_DE=%C5M%C5Z%D5%D1&amp;url=search-alias%3Daps&amp;field-keywords=Globylon&amp;x=0&amp;y=0\" target=\"_blank\" rel=\"noopener\">Amazon<\/a><\/p>\n<p>.<\/p>\n<p>&nbsp;<\/p>\n<p>&nbsp;<\/p>\n<p>&nbsp;<\/p>\n<p>&nbsp;<\/p>\n<figure id=\"attachment_2965\" aria-describedby=\"caption-attachment-2965\" style=\"width: 200px\" class=\"wp-caption alignleft\"><img loading=\"lazy\" decoding=\"async\" src=\"https:\/\/oliver-baer.de\/tatze\/wp-content\/uploads\/2014\/11\/Titel_Modern-heizen-mit-Solarthermie_Sicherheit-im-Wandel-der-Energiewende.jpg\" alt=\"\" width=\"200\" height=\"285\" border=\"1\" \/><figcaption id=\"caption-attachment-2965\" class=\"wp-caption-text\">Ein Buch das die Energiewende noch retten k\u00f6nnte &#8230;<\/figcaption><\/figure>\n<h3><strong>Modern heizen mit Solarthermie<\/strong><\/h3>\n<h5><strong>Sicherheit im Wandel der Energiewende<\/strong><\/h5>\n<p>Sachbuch, mit Timo Leukefeld und Matthias H\u00fcttmann<\/p>\n<p>Verlag Solare Zukunft, Erlangen, 2. Auflage 2015<br \/>\n176 Seiten, 24,85 \u20ac<\/p>\n<p>Bestellung direkt bei <a href=\"http:\/\/www.dgs-franken.de\/index.php?id=bestellungen\" target=\"_blank\" rel=\"noopener\">DGS Franken<\/a><\/p>\n<p>Siehe die <strong>Rezension<\/strong> unten auf dieser Seite: da hat jemand das Buch offenbar gelesen.<\/p>\n<h3>.<\/h3>\n<h3><\/h3>\n<h3><\/h3>\n<h3><strong><img loading=\"lazy\" decoding=\"async\" class=\"alignleft size-full wp-image-690\" src=\"https:\/\/oliver-baer.de\/tatze\/wp-content\/uploads\/2008\/03\/Oeko-und-noch-etwas-Titelblatt-50.jpg\" alt=\"Das andere Handbuch f\u00fcr Anbieter von \u00d6ko-Produkten und Dienstleistungen\" width=\"216\" height=\"300\" \/>\u00d6ko und noch etwas<\/strong><\/h3>\n<p>Handbuch zum Marketing \u00f6kologischer Produkte und Dienstleistungen im Bauhandwerk<br \/>\nHandwerkskammer zu Leipzig, Oktober 2007<br \/>\n75 Seiten, Schutzgeb\u00fchr 7,60 \u20ac<\/p>\n<p>Bestellen Sie bitte bei der <a href=\"https:\/\/www.hwk-leipzig.de\/artikel\/oeko-und-noch-etwas-3,0,732.html\" target=\"_blank\" rel=\"noopener\">HWK zu Leipzig<\/a><\/p>\n<p>Auch hier die <a href=\"https:\/\/oliver-baer.de\/tatze\/marketing\/sprachstarke-marketing-kultur\" target=\"_blank\" rel=\"noopener\">Rezension <\/a>von Einem, der das Buch gelesen hat<\/p>\n<h2><\/h2>\n<h2><\/h2>\n<h2>Beitr\u00e4ge f\u00fcr Zeitschriften<\/h2>\n<p><strong>Wandel statt Wende,\u00a0<\/strong>Sonnenenergie 4\/2014, mit Timo Leukefeld und Matthias H\u00fcttmann<\/p>\n<p><strong>Solarthermie, Sonnenenergie zum Heizen &#8211; w\u00e4rmstens zu empfehlen<\/strong><br \/>\nBrosch\u00fcre der S\u00e4chsischen Energieagentur <a href=\"http:\/\/www.saena.de\/themen\/solarwaerme.html\" target=\"_blank\" rel=\"noopener\">SAENA <\/a>, Dezember 2011<\/p>\n<p><strong>Der Geist ist aus der Flasche, <\/strong>\u00dcber das Cluetrain-Manifest, <a href=\"http:\/\/www.brandeins.de\/archiv\/2000\/cluetrain-manifest\/der-geist-ist-aus-der-flasche.html\" target=\"_blank\" rel=\"noopener\">brand eins, Ausgabe 03\/2000<\/a><\/p>\n<p><strong>Do you speak Globish? <\/strong><a href=\"https:\/\/www.brandeins.de\/archiv\/2009\/kunst\/do-you-speak-globish\/\" target=\"_blank\" rel=\"noopener\">brand eins, Ausgabe 12\/2009<\/a>, nachgedruckt in Group News, Hauszeitschrift der Volkswagen AG, 2010<\/p>\n<p><strong>Globisch statt Englisch, <\/strong>Betriebslinguistische Beitr\u00e4ge, Zeitschrift f\u00fcr Unternehmenskommunikation, Juli 2009, Nachdruck aus der <a href=\"http:\/\/Harte W\u00e4hrung statt falscher Fuffziger beim Sprachenlernen\" target=\"_blank\" rel=\"noopener\">baerentatze<\/a><\/p>\n<p><strong>Wie verkauft man \u00d6ko? <\/strong>Betriebslinguistische Beitr\u00e4ge, Zeitschrift f\u00fcr Unternehmenskommunikation, Juli 2008, Nachdruck aus der <a href=\"https:\/\/oliver-baer.de\/tatze\/marketing\/wie-verkauft-man-oeko\">baerentatze<\/a><\/p>\n<p><strong>Deutsch ist gut f\u00fcr die Marge, <\/strong>Leitartikel, Deutsche Molkerei Zeitung, 3\/2007, Nachdruck aus der <a href=\"https:\/\/oliver-baer.de\/tatze\/gesellschaft\/zwei-dutzend-nachbarn-im-garten\" target=\"_blank\" rel=\"noopener\">baerentatze<\/a><\/p>\n<p><strong>Sprache, weit mehr als ein Luxus, <\/strong>Magazin f\u00fcr selbstst\u00e4ndige Unternehmer&#8220; Mai 2006, Nachdruck aus der <a href=\"http:\/\/&lt;a href=\" target=\"_blank\" rel=\"noopener\">baerentatze<\/a><\/p>\n<p><strong>Verraten und verkauft &#8211; Eliten scheuen die deutsche Sprache<\/strong><br \/>\nBetriebslinguistische Beitr\u00e4ge, Zeitschrift f\u00fcr Unternehmenskommunikation, Mai 2006, Nachdruck aus der <a href=\"https:\/\/oliver-baer.de\/tatze\/gesellschaft\/verraten-und-verkauft\" target=\"_blank\" rel=\"noopener\">baerentatze <\/a><\/p>\n<p>Des weiteren zahlreiche <strong>Nachdrucke <\/strong>aus der baerentatze in den <em>Sprachnachrichten des Vereins Deutsche Sprache<\/em> (VDS)<\/p>\n<hr \/>\n<p><img loading=\"lazy\" decoding=\"async\" src=\"https:\/\/oliver-baer.de\/tatze\/wp-content\/uploads\/2017\/11\/Buchkritik-Solarthemen-9-Okt-2014.jpg\" alt=\"\" width=\"300\" height=\"606\" \/><\/p>\n<h3><strong>Kritik von einem der das Buch gelesen hat<\/strong><\/h3>\n<p>Mit Leidenschaft geschrieben, lobt Guido Broer (Solarthemen vom 9. Oktober 2014) das Buch, dessen Konzept und Text von mir stammen.\u00a0Zwar gef\u00e4llt ihm das Titelmotiv \u00fcberhaupt nicht, umso mehr der Stil, in dem es verfasst wurde.\u00a0So kann ich auch f\u00fcr Sie schreiben.<\/p>\n","protected":false},"excerpt":{"rendered":"<p>B\u00fccher Von Babylon nach Globylon Weshalb Muttersprachen zum \u00dcberleben unverzichtbar bleiben und wieso Globischkenntnis in aller Regel gutem Englisch \u00fcberlegen ist Sachbuch und Ratgeber IFB Verlag, Paderborn, Juni 2009 389 Seiten, 19,60 \u20ac &#8211; Kindle 8,01 \u20ac Bestellung beispielsweise bei Amazon . &nbsp; &nbsp; &nbsp; &nbsp; Modern heizen mit Solarthermie Sicherheit im Wandel der Energiewende [&hellip;]<\/p>\n","protected":false},"author":18,"featured_media":0,"parent":0,"menu_order":3,"comment_status":"closed","ping_status":"closed","template":"","meta":{"footnotes":""},"yoast_head":"<!-- This site is optimized with the Yoast SEO plugin v22.7 - https:\/\/yoast.com\/wordpress\/plugins\/seo\/ -->\n<title>Ver\u00f6ffentlichungen - baerentatze<\/title>\n<meta name=\"robots\" content=\"index, follow, max-snippet:-1, max-image-preview:large, max-video-preview:-1\" \/>\n<link rel=\"canonical\" href=\"https:\/\/oliver-baer.de\/tatze\/veroeffentlichungen-auf-papier\" \/>\n<meta property=\"og:locale\" content=\"de_DE\" \/>\n<meta property=\"og:type\" content=\"article\" \/>\n<meta property=\"og:title\" content=\"Ver\u00f6ffentlichungen - baerentatze\" \/>\n<meta property=\"og:description\" content=\"B\u00fccher Von Babylon nach Globylon Weshalb Muttersprachen zum \u00dcberleben unverzichtbar bleiben und wieso Globischkenntnis in aller Regel gutem Englisch \u00fcberlegen ist Sachbuch und Ratgeber IFB Verlag, Paderborn, Juni 2009 389 Seiten, 19,60 \u20ac &#8211; Kindle 8,01 \u20ac Bestellung beispielsweise bei Amazon . &nbsp; &nbsp; &nbsp; &nbsp; Modern heizen mit Solarthermie Sicherheit im Wandel der Energiewende [&hellip;]\" \/>\n<meta property=\"og:url\" content=\"https:\/\/oliver-baer.de\/tatze\/veroeffentlichungen-auf-papier\" \/>\n<meta property=\"og:site_name\" content=\"baerentatze\" \/>\n<meta property=\"article:modified_time\" content=\"2024-05-24T15:04:32+00:00\" \/>\n<meta property=\"og:image\" content=\"https:\/\/oliver-baer.de\/tatze\/wp-content\/uploads\/2015\/08\/Von-Babylon-nach-Globylon-Umschlag_0-red.jpg\" \/>\n<meta name=\"twitter:card\" content=\"summary_large_image\" \/>\n<meta name=\"twitter:label1\" content=\"Gesch\u00e4tzte Lesezeit\" \/>\n\t<meta name=\"twitter:data1\" content=\"3\u00a0Minuten\" \/>\n<script type=\"application\/ld+json\" class=\"yoast-schema-graph\">{\"@context\":\"https:\/\/schema.org\",\"@graph\":[{\"@type\":\"WebPage\",\"@id\":\"https:\/\/oliver-baer.de\/tatze\/veroeffentlichungen-auf-papier\",\"url\":\"https:\/\/oliver-baer.de\/tatze\/veroeffentlichungen-auf-papier\",\"name\":\"Ver\u00f6ffentlichungen - baerentatze\",\"isPartOf\":{\"@id\":\"https:\/\/oliver-baer.de\/tatze\/#website\"},\"primaryImageOfPage\":{\"@id\":\"https:\/\/oliver-baer.de\/tatze\/veroeffentlichungen-auf-papier#primaryimage\"},\"image\":{\"@id\":\"https:\/\/oliver-baer.de\/tatze\/veroeffentlichungen-auf-papier#primaryimage\"},\"thumbnailUrl\":\"https:\/\/oliver-baer.de\/tatze\/wp-content\/uploads\/2015\/08\/Von-Babylon-nach-Globylon-Umschlag_0-red.jpg\",\"datePublished\":\"2017-10-20T11:32:47+00:00\",\"dateModified\":\"2024-05-24T15:04:32+00:00\",\"breadcrumb\":{\"@id\":\"https:\/\/oliver-baer.de\/tatze\/veroeffentlichungen-auf-papier#breadcrumb\"},\"inLanguage\":\"de\",\"potentialAction\":[{\"@type\":\"ReadAction\",\"target\":[\"https:\/\/oliver-baer.de\/tatze\/veroeffentlichungen-auf-papier\"]}]},{\"@type\":\"ImageObject\",\"inLanguage\":\"de\",\"@id\":\"https:\/\/oliver-baer.de\/tatze\/veroeffentlichungen-auf-papier#primaryimage\",\"url\":\"https:\/\/oliver-baer.de\/tatze\/wp-content\/uploads\/2015\/08\/Von-Babylon-nach-Globylon-Umschlag_0-red.jpg\",\"contentUrl\":\"https:\/\/oliver-baer.de\/tatze\/wp-content\/uploads\/2015\/08\/Von-Babylon-nach-Globylon-Umschlag_0-red.jpg\",\"width\":\"203\",\"height\":\"305\",\"caption\":\"Zugleich trocken und unterhaltsam, ohne Bilder von sp\u00e4rlich bekleideten Menschen\"},{\"@type\":\"BreadcrumbList\",\"@id\":\"https:\/\/oliver-baer.de\/tatze\/veroeffentlichungen-auf-papier#breadcrumb\",\"itemListElement\":[{\"@type\":\"ListItem\",\"position\":1,\"name\":\"Startseite\",\"item\":\"https:\/\/oliver-baer.de\/tatze\"},{\"@type\":\"ListItem\",\"position\":2,\"name\":\"Ver\u00f6ffentlichungen\"}]},{\"@type\":\"WebSite\",\"@id\":\"https:\/\/oliver-baer.de\/tatze\/#website\",\"url\":\"https:\/\/oliver-baer.de\/tatze\/\",\"name\":\"baerentatze\",\"description\":\"wo es um Sprache geht\",\"publisher\":{\"@id\":\"https:\/\/oliver-baer.de\/tatze\/#organization\"},\"potentialAction\":[{\"@type\":\"SearchAction\",\"target\":{\"@type\":\"EntryPoint\",\"urlTemplate\":\"https:\/\/oliver-baer.de\/tatze\/?s={search_term_string}\"},\"query-input\":\"required name=search_term_string\"}],\"inLanguage\":\"de\"},{\"@type\":\"Organization\",\"@id\":\"https:\/\/oliver-baer.de\/tatze\/#organization\",\"name\":\"baerentatze\",\"url\":\"https:\/\/oliver-baer.de\/tatze\/\",\"logo\":{\"@type\":\"ImageObject\",\"inLanguage\":\"de\",\"@id\":\"https:\/\/oliver-baer.de\/tatze\/#\/schema\/logo\/image\/\",\"url\":\"https:\/\/oliver-baer.de\/tatze\/wp-content\/uploads\/2024\/05\/cropped-tatze-icon-1-1.png\",\"contentUrl\":\"https:\/\/oliver-baer.de\/tatze\/wp-content\/uploads\/2024\/05\/cropped-tatze-icon-1-1.png\",\"width\":1024,\"height\":1024,\"caption\":\"baerentatze\"},\"image\":{\"@id\":\"https:\/\/oliver-baer.de\/tatze\/#\/schema\/logo\/image\/\"}}]}<\/script>\n<!-- \/ Yoast SEO plugin. -->","yoast_head_json":{"title":"Ver\u00f6ffentlichungen - baerentatze","robots":{"index":"index","follow":"follow","max-snippet":"max-snippet:-1","max-image-preview":"max-image-preview:large","max-video-preview":"max-video-preview:-1"},"canonical":"https:\/\/oliver-baer.de\/tatze\/veroeffentlichungen-auf-papier","og_locale":"de_DE","og_type":"article","og_title":"Ver\u00f6ffentlichungen - baerentatze","og_description":"B\u00fccher Von Babylon nach Globylon Weshalb Muttersprachen zum \u00dcberleben unverzichtbar bleiben und wieso Globischkenntnis in aller Regel gutem Englisch \u00fcberlegen ist Sachbuch und Ratgeber IFB Verlag, Paderborn, Juni 2009 389 Seiten, 19,60 \u20ac &#8211; Kindle 8,01 \u20ac Bestellung beispielsweise bei Amazon . &nbsp; &nbsp; &nbsp; &nbsp; Modern heizen mit Solarthermie Sicherheit im Wandel der Energiewende [&hellip;]","og_url":"https:\/\/oliver-baer.de\/tatze\/veroeffentlichungen-auf-papier","og_site_name":"baerentatze","article_modified_time":"2024-05-24T15:04:32+00:00","og_image":[{"url":"https:\/\/oliver-baer.de\/tatze\/wp-content\/uploads\/2015\/08\/Von-Babylon-nach-Globylon-Umschlag_0-red.jpg"}],"twitter_card":"summary_large_image","twitter_misc":{"Gesch\u00e4tzte Lesezeit":"3\u00a0Minuten"},"schema":{"@context":"https:\/\/schema.org","@graph":[{"@type":"WebPage","@id":"https:\/\/oliver-baer.de\/tatze\/veroeffentlichungen-auf-papier","url":"https:\/\/oliver-baer.de\/tatze\/veroeffentlichungen-auf-papier","name":"Ver\u00f6ffentlichungen - baerentatze","isPartOf":{"@id":"https:\/\/oliver-baer.de\/tatze\/#website"},"primaryImageOfPage":{"@id":"https:\/\/oliver-baer.de\/tatze\/veroeffentlichungen-auf-papier#primaryimage"},"image":{"@id":"https:\/\/oliver-baer.de\/tatze\/veroeffentlichungen-auf-papier#primaryimage"},"thumbnailUrl":"https:\/\/oliver-baer.de\/tatze\/wp-content\/uploads\/2015\/08\/Von-Babylon-nach-Globylon-Umschlag_0-red.jpg","datePublished":"2017-10-20T11:32:47+00:00","dateModified":"2024-05-24T15:04:32+00:00","breadcrumb":{"@id":"https:\/\/oliver-baer.de\/tatze\/veroeffentlichungen-auf-papier#breadcrumb"},"inLanguage":"de","potentialAction":[{"@type":"ReadAction","target":["https:\/\/oliver-baer.de\/tatze\/veroeffentlichungen-auf-papier"]}]},{"@type":"ImageObject","inLanguage":"de","@id":"https:\/\/oliver-baer.de\/tatze\/veroeffentlichungen-auf-papier#primaryimage","url":"https:\/\/oliver-baer.de\/tatze\/wp-content\/uploads\/2015\/08\/Von-Babylon-nach-Globylon-Umschlag_0-red.jpg","contentUrl":"https:\/\/oliver-baer.de\/tatze\/wp-content\/uploads\/2015\/08\/Von-Babylon-nach-Globylon-Umschlag_0-red.jpg","width":"203","height":"305","caption":"Zugleich trocken und unterhaltsam, ohne Bilder von sp\u00e4rlich bekleideten Menschen"},{"@type":"BreadcrumbList","@id":"https:\/\/oliver-baer.de\/tatze\/veroeffentlichungen-auf-papier#breadcrumb","itemListElement":[{"@type":"ListItem","position":1,"name":"Startseite","item":"https:\/\/oliver-baer.de\/tatze"},{"@type":"ListItem","position":2,"name":"Ver\u00f6ffentlichungen"}]},{"@type":"WebSite","@id":"https:\/\/oliver-baer.de\/tatze\/#website","url":"https:\/\/oliver-baer.de\/tatze\/","name":"baerentatze","description":"wo es um Sprache geht","publisher":{"@id":"https:\/\/oliver-baer.de\/tatze\/#organization"},"potentialAction":[{"@type":"SearchAction","target":{"@type":"EntryPoint","urlTemplate":"https:\/\/oliver-baer.de\/tatze\/?s={search_term_string}"},"query-input":"required name=search_term_string"}],"inLanguage":"de"},{"@type":"Organization","@id":"https:\/\/oliver-baer.de\/tatze\/#organization","name":"baerentatze","url":"https:\/\/oliver-baer.de\/tatze\/","logo":{"@type":"ImageObject","inLanguage":"de","@id":"https:\/\/oliver-baer.de\/tatze\/#\/schema\/logo\/image\/","url":"https:\/\/oliver-baer.de\/tatze\/wp-content\/uploads\/2024\/05\/cropped-tatze-icon-1-1.png","contentUrl":"https:\/\/oliver-baer.de\/tatze\/wp-content\/uploads\/2024\/05\/cropped-tatze-icon-1-1.png","width":1024,"height":1024,"caption":"baerentatze"},"image":{"@id":"https:\/\/oliver-baer.de\/tatze\/#\/schema\/logo\/image\/"}}]}},"_links":{"self":[{"href":"https:\/\/oliver-baer.de\/tatze\/wp-json\/wp\/v2\/pages\/4546"}],"collection":[{"href":"https:\/\/oliver-baer.de\/tatze\/wp-json\/wp\/v2\/pages"}],"about":[{"href":"https:\/\/oliver-baer.de\/tatze\/wp-json\/wp\/v2\/types\/page"}],"author":[{"embeddable":true,"href":"https:\/\/oliver-baer.de\/tatze\/wp-json\/wp\/v2\/users\/18"}],"replies":[{"embeddable":true,"href":"https:\/\/oliver-baer.de\/tatze\/wp-json\/wp\/v2\/comments?post=4546"}],"version-history":[{"count":64,"href":"https:\/\/oliver-baer.de\/tatze\/wp-json\/wp\/v2\/pages\/4546\/revisions"}],"predecessor-version":[{"id":6765,"href":"https:\/\/oliver-baer.de\/tatze\/wp-json\/wp\/v2\/pages\/4546\/revisions\/6765"}],"wp:attachment":[{"href":"https:\/\/oliver-baer.de\/tatze\/wp-json\/wp\/v2\/media?parent=4546"}],"curies":[{"name":"wp","href":"https:\/\/api.w.org\/{rel}","templated":true}]}}